{"id":631,"date":"2019-01-18T11:26:44","date_gmt":"2019-01-18T10:26:44","guid":{"rendered":"https:\/\/www.termites-solution.com\/?page_id=631"},"modified":"2019-01-18T18:08:43","modified_gmt":"2019-01-18T17:08:43","slug":"quienes-somos","status":"publish","type":"page","link":"https:\/\/www.termites-solution.com\/es\/quienes-somos\/","title":{"rendered":"Qui\u00e9nes somos ?"},"content":{"rendered":"<div class=\"wpb-content-wrapper\"><p>[vc_row][vc_column width=\u00bb3\/4&#8243;][vc_custom_heading text=\u00bbPresentaci\u00f3n de la soluci\u00f3n de termitas\u00bb font_container=\u00bbtag:h1|text_align:left\u00bb use_theme_fonts=\u00bbyes\u00bb][vc_column_text]Qui\u00e9nes somos ?<\/p>\n<p>Justo despu\u00e9s de graduarme de la escuela de negocios, trabaj\u00e9 durante 6 a\u00f1os en Asia en el suministro de herramientas de jard\u00edn para las principales marcas de bricolaje.<\/p>\n<p>Con el advenimiento del comercio por Internet, quer\u00eda vender productos de herramientas de calidad al mejor precio y directamente al consumidor final. Sin pasar por los canales de distribuci\u00f3n tradicionales que aumentan mucho el precio final debido a la gran cantidad de intermediarios: tiendas, revendedores, mayoristas &#8230;<\/p>\n<p>Es solo en 2016, despu\u00e9s de la invasi\u00f3n de termitas en mi casa ubicada en la regi\u00f3n de Aquitania, que decid\u00ed vender kits anti-termitas al mejor precio.<br \/>\nGracias a mi experiencia en el abastecimiento, vendo un kit de termitas de alta calidad a un precio inmejorable. Estos cartuchos de insecticida son extremadamente eficientes y f\u00e1ciles de usar.<br \/>\nEn t\u00e9rminos de pago y entrega, solo trabajo con Paypal para garantizar un pago seguro. Para el transporte, trabajo con compa\u00f1\u00edas de entrega internacionales como UPS, DHL, &#8230; para estar seguro de la seriedad de la entrega.<\/p>\n<p>El tiempo de entrega del kit de termita es de 1 a 2 semanas. Adem\u00e1s, le proporcionamos las herramientas para cavar e instalar el kit en su jard\u00edn.<\/p>\n<p>Puede ponerse en contacto conmigo en cualquier momento a trav\u00e9s de mi <a href=\"mailto:contact@termites-solution.com\">correo electr\u00f3nico<\/a> o hacerme preguntas sobre el m\u00f3dulo de debate en l\u00ednea en la parte inferior derecha del sitio.<\/p>\n<p>Te responder\u00e9 con placer.<\/p>\n<div><\/div>\n<p>[\/vc_column_text][\/vc_column][vc_column width=\u00bb1\/4&#8243;][vc_single_image image=\u00bb564&#8243; img_size=\u00bblarge\u00bb][vc_single_image image=\u00bb594&#8243; img_size=\u00bbmedium\u00bb][vc_single_image image=\u00bb596&#8243; img_size=\u00bbmedium\u00bb onclick=\u00bblink_image\u00bb][\/vc_column][\/vc_row][vc_row][vc_column width=\u00bb1\/2&#8243;][vc_custom_heading text=\u00bb\u00bfQuieres contactarnos?\u00bb use_theme_fonts=\u00bbyes\u00bb][vc_column_text]Email: contact@termites-solution.com<\/p>\n<p>Tel: 0086-18118435707<\/p>\n<p>Adresse: Suzhou Center Building, 18 eme etage, No\u00a01868, Suzhou, China[\/vc_column_text][vc_column_text]<strong>Direcci\u00f3n: <\/strong><\/p>\n<p>Edificio del Centro de Suzhou, Piso 18, No 1868, Suzhou, China<\/p>\n<p><strong>Correo electr\u00f3nico y tel\u00e9fono<\/strong><\/p>\n<p>24 horas al d\u00eda, 7 d\u00edas a la semana<\/p>\n<p><strong>Chat en l\u00ednea<\/strong><\/p>\n<p>De lunes a jueves de 8:00 a 16:00<\/p>\n<p>Viernes de 08:00 a 12:00[\/vc_column_text][\/vc_column][vc_column width=\u00bb1\/2&#8243;][vc_custom_heading text=\u00bbMitad m\u00e1s barato que los precios de mercado\u00bb use_theme_fonts=\u00bbyes\u00bb][vc_column_text]Este kit es para un hogar e incluye trampas para termitas y cartuchos de tratamiento.<\/p>\n<p>No dude en ponerse en contacto conmigo para obtener m\u00e1s informaci\u00f3n.[\/vc_column_text][\/vc_column][\/vc_row]<\/p>\n<\/div>","protected":false},"excerpt":{"rendered":"<p>[vc_row][vc_column width=\u00bb3\/4&#8243;][vc_custom_heading text=\u00bbPresentaci\u00f3n de la soluci\u00f3n de termitas\u00bb font_container=\u00bbtag:h1|text_align:left\u00bb use_theme_fonts=\u00bbyes\u00bb][vc_column_text]Qui\u00e9nes somos ? Justo despu\u00e9s de graduarme de la escuela de negocios, trabaj\u00e9 durante 6 a\u00f1os en Asia en el suministro de herramientas de jard\u00edn para las principales marcas de bricolaje. Con el advenimiento del comercio por Internet, quer\u00eda vender productos de herramientas de calidad al [&hellip;]<\/p>\n","protected":false},"author":1,"featured_media":0,"parent":0,"menu_order":0,"comment_status":"closed","ping_status":"closed","template":"template-fullwidth-no-title.php","meta":{"footnotes":""},"class_list":["post-631","page","type-page","status-publish","hentry"],"yoast_head":"<!-- This site is optimized with the Yoast SEO plugin v27.1.1 - https:\/\/yoast.com\/product\/yoast-seo-wordpress\/ -->\n<title>Qui\u00e9nes somos ? - Termites Solution<\/title>\n<meta name=\"description\" content=\"Justo despu\u00e9s de graduarme de la escuela de negocios, trabaj\u00e9 durante 6 a\u00f1os en Asia en el suministro de herramientas de jard\u00edn para las principales marcas de bricolaje.\" \/>\n<meta name=\"robots\" content=\"index, follow, max-snippet:-1, max-image-preview:large, max-video-preview:-1\" \/>\n<link rel=\"canonical\" href=\"https:\/\/www.termites-solution.com\/es\/quienes-somos\/\" \/>\n<meta property=\"og:locale\" content=\"es_ES\" \/>\n<meta property=\"og:type\" content=\"article\" \/>\n<meta property=\"og:title\" content=\"Qui\u00e9nes somos ? - Termites Solution\" \/>\n<meta property=\"og:description\" content=\"Justo despu\u00e9s de graduarme de la escuela de negocios, trabaj\u00e9 durante 6 a\u00f1os en Asia en el suministro de herramientas de jard\u00edn para las principales marcas de bricolaje.\" \/>\n<meta property=\"og:url\" content=\"https:\/\/www.termites-solution.com\/es\/quienes-somos\/\" \/>\n<meta property=\"og:site_name\" content=\"Termites Solution\" \/>\n<meta property=\"article:modified_time\" content=\"2019-01-18T17:08:43+00:00\" \/>\n<meta name=\"twitter:card\" content=\"summary_large_image\" \/>\n<meta name=\"twitter:label1\" content=\"Tiempo de lectura\" \/>\n\t<meta name=\"twitter:data1\" content=\"2 minutos\" \/>\n<script type=\"application\/ld+json\" class=\"yoast-schema-graph\">{\"@context\":\"https:\/\/schema.org\",\"@graph\":[{\"@type\":\"WebPage\",\"@id\":\"https:\/\/www.termites-solution.com\/es\/quienes-somos\/\",\"url\":\"https:\/\/www.termites-solution.com\/es\/quienes-somos\/\",\"name\":\"Qui\u00e9nes somos ? - Termites Solution\",\"isPartOf\":{\"@id\":\"https:\/\/www.termites-solution.com\/es\/#website\"},\"datePublished\":\"2019-01-18T10:26:44+00:00\",\"dateModified\":\"2019-01-18T17:08:43+00:00\",\"description\":\"Justo despu\u00e9s de graduarme de la escuela de negocios, trabaj\u00e9 durante 6 a\u00f1os en Asia en el suministro de herramientas de jard\u00edn para las principales marcas de bricolaje.\",\"breadcrumb\":{\"@id\":\"https:\/\/www.termites-solution.com\/es\/quienes-somos\/#breadcrumb\"},\"inLanguage\":\"es\",\"potentialAction\":[{\"@type\":\"ReadAction\",\"target\":[\"https:\/\/www.termites-solution.com\/es\/quienes-somos\/\"]}]},{\"@type\":\"BreadcrumbList\",\"@id\":\"https:\/\/www.termites-solution.com\/es\/quienes-somos\/#breadcrumb\",\"itemListElement\":[{\"@type\":\"ListItem\",\"position\":1,\"name\":\"Accueil\",\"item\":\"https:\/\/www.termites-solution.com\/es\/\"},{\"@type\":\"ListItem\",\"position\":2,\"name\":\"Qui\u00e9nes somos ?\"}]},{\"@type\":\"WebSite\",\"@id\":\"https:\/\/www.termites-solution.com\/es\/#website\",\"url\":\"https:\/\/www.termites-solution.com\/es\/\",\"name\":\"Termites Solution\",\"description\":\"Traitement puissant, simple et efficace\",\"publisher\":{\"@id\":\"https:\/\/www.termites-solution.com\/es\/#organization\"},\"potentialAction\":[{\"@type\":\"SearchAction\",\"target\":{\"@type\":\"EntryPoint\",\"urlTemplate\":\"https:\/\/www.termites-solution.com\/es\/?s={search_term_string}\"},\"query-input\":{\"@type\":\"PropertyValueSpecification\",\"valueRequired\":true,\"valueName\":\"search_term_string\"}}],\"inLanguage\":\"es\"},{\"@type\":\"Organization\",\"@id\":\"https:\/\/www.termites-solution.com\/es\/#organization\",\"name\":\"Termites Solution\",\"url\":\"https:\/\/www.termites-solution.com\/es\/\",\"logo\":{\"@type\":\"ImageObject\",\"inLanguage\":\"es\",\"@id\":\"https:\/\/www.termites-solution.com\/es\/#\/schema\/logo\/image\/\",\"url\":\"https:\/\/www.termites-solution.com\/wp-content\/uploads\/2018\/05\/logo-termites-solution.png\",\"contentUrl\":\"https:\/\/www.termites-solution.com\/wp-content\/uploads\/2018\/05\/logo-termites-solution.png\",\"width\":500,\"height\":146,\"caption\":\"Termites Solution\"},\"image\":{\"@id\":\"https:\/\/www.termites-solution.com\/es\/#\/schema\/logo\/image\/\"}}]}<\/script>\n<!-- \/ Yoast SEO plugin. -->","yoast_head_json":{"title":"Qui\u00e9nes somos ? - Termites Solution","description":"Justo despu\u00e9s de graduarme de la escuela de negocios, trabaj\u00e9 durante 6 a\u00f1os en Asia en el suministro de herramientas de jard\u00edn para las principales marcas de bricolaje.","robots":{"index":"index","follow":"follow","max-snippet":"max-snippet:-1","max-image-preview":"max-image-preview:large","max-video-preview":"max-video-preview:-1"},"canonical":"https:\/\/www.termites-solution.com\/es\/quienes-somos\/","og_locale":"es_ES","og_type":"article","og_title":"Qui\u00e9nes somos ? - Termites Solution","og_description":"Justo despu\u00e9s de graduarme de la escuela de negocios, trabaj\u00e9 durante 6 a\u00f1os en Asia en el suministro de herramientas de jard\u00edn para las principales marcas de bricolaje.","og_url":"https:\/\/www.termites-solution.com\/es\/quienes-somos\/","og_site_name":"Termites Solution","article_modified_time":"2019-01-18T17:08:43+00:00","twitter_card":"summary_large_image","twitter_misc":{"Tiempo de lectura":"2 minutos"},"schema":{"@context":"https:\/\/schema.org","@graph":[{"@type":"WebPage","@id":"https:\/\/www.termites-solution.com\/es\/quienes-somos\/","url":"https:\/\/www.termites-solution.com\/es\/quienes-somos\/","name":"Qui\u00e9nes somos ? - Termites Solution","isPartOf":{"@id":"https:\/\/www.termites-solution.com\/es\/#website"},"datePublished":"2019-01-18T10:26:44+00:00","dateModified":"2019-01-18T17:08:43+00:00","description":"Justo despu\u00e9s de graduarme de la escuela de negocios, trabaj\u00e9 durante 6 a\u00f1os en Asia en el suministro de herramientas de jard\u00edn para las principales marcas de bricolaje.","breadcrumb":{"@id":"https:\/\/www.termites-solution.com\/es\/quienes-somos\/#breadcrumb"},"inLanguage":"es","potentialAction":[{"@type":"ReadAction","target":["https:\/\/www.termites-solution.com\/es\/quienes-somos\/"]}]},{"@type":"BreadcrumbList","@id":"https:\/\/www.termites-solution.com\/es\/quienes-somos\/#breadcrumb","itemListElement":[{"@type":"ListItem","position":1,"name":"Accueil","item":"https:\/\/www.termites-solution.com\/es\/"},{"@type":"ListItem","position":2,"name":"Qui\u00e9nes somos ?"}]},{"@type":"WebSite","@id":"https:\/\/www.termites-solution.com\/es\/#website","url":"https:\/\/www.termites-solution.com\/es\/","name":"Termites Solution","description":"Traitement puissant, simple et efficace","publisher":{"@id":"https:\/\/www.termites-solution.com\/es\/#organization"},"potentialAction":[{"@type":"SearchAction","target":{"@type":"EntryPoint","urlTemplate":"https:\/\/www.termites-solution.com\/es\/?s={search_term_string}"},"query-input":{"@type":"PropertyValueSpecification","valueRequired":true,"valueName":"search_term_string"}}],"inLanguage":"es"},{"@type":"Organization","@id":"https:\/\/www.termites-solution.com\/es\/#organization","name":"Termites Solution","url":"https:\/\/www.termites-solution.com\/es\/","logo":{"@type":"ImageObject","inLanguage":"es","@id":"https:\/\/www.termites-solution.com\/es\/#\/schema\/logo\/image\/","url":"https:\/\/www.termites-solution.com\/wp-content\/uploads\/2018\/05\/logo-termites-solution.png","contentUrl":"https:\/\/www.termites-solution.com\/wp-content\/uploads\/2018\/05\/logo-termites-solution.png","width":500,"height":146,"caption":"Termites Solution"},"image":{"@id":"https:\/\/www.termites-solution.com\/es\/#\/schema\/logo\/image\/"}}]}},"_links":{"self":[{"href":"https:\/\/www.termites-solution.com\/es\/wp-json\/wp\/v2\/pages\/631","targetHints":{"allow":["GET"]}}],"collection":[{"href":"https:\/\/www.termites-solution.com\/es\/wp-json\/wp\/v2\/pages"}],"about":[{"href":"https:\/\/www.termites-solution.com\/es\/wp-json\/wp\/v2\/types\/page"}],"author":[{"embeddable":true,"href":"https:\/\/www.termites-solution.com\/es\/wp-json\/wp\/v2\/users\/1"}],"replies":[{"embeddable":true,"href":"https:\/\/www.termites-solution.com\/es\/wp-json\/wp\/v2\/comments?post=631"}],"version-history":[{"count":0,"href":"https:\/\/www.termites-solution.com\/es\/wp-json\/wp\/v2\/pages\/631\/revisions"}],"wp:attachment":[{"href":"https:\/\/www.termites-solution.com\/es\/wp-json\/wp\/v2\/media?parent=631"}],"curies":[{"name":"wp","href":"https:\/\/api.w.org\/{rel}","templated":true}]}}