{"id":701,"date":"2017-11-04T17:58:23","date_gmt":"2017-11-04T16:58:23","guid":{"rendered":"https:\/\/www.termites-solution.com\/traitement-anti-termites-pieges-et-cartouches-insecticides\/"},"modified":"2019-04-15T15:40:47","modified_gmt":"2019-04-15T13:40:47","slug":"traitement-anti-termites-pieges-et-cartouches-insecticides","status":"publish","type":"page","link":"https:\/\/www.termites-solution.com\/es\/","title":{"rendered":"Tratamiento anti termitas, trampas y cartuchos de insecticida."},"content":{"rendered":"<div class=\"wpb-content-wrapper\"><p>[vc_row][vc_column][vc_custom_heading text=\u00bbTratamiento anti termitas, la soluci\u00f3n de termitas explica el comportamiento de las termitas para erradicarlas\u00bb use_theme_fonts=\u00bbyes\u00bb][vc_column_text]Las termitas son insectos xil\u00f3fagos que viven en el suelo. Est\u00e1n en colonias jer\u00e1rquicas y organizadas que incluyen \u00absoldados\u00bb, \u00abtrabajadores\u00bb e insectos sexuales para la reproducci\u00f3n. Tenemos tratamiento anti termitas![\/vc_column_text][vc_custom_heading text=\u00bbLa termita, aprende a reconocerla\u00bb use_theme_fonts=\u00bbyes\u00bb][vc_column_text]En su mayor\u00eda se encuentran en los pa\u00edses c\u00e1lidos, las termitas a veces se llaman \u00abhormigas blancas\u00bb que no deben confundirse con las hormigas carpinteras, que no tienen nada que ver.[\/vc_column_text][\/vc_column][\/vc_row][vc_row][vc_column width=\u00bb1\/2&#8243;][vc_single_image image=\u00bb704&#8243; img_size=\u00bblarge\u00bb][\/vc_column][vc_column width=\u00bb1\/2&#8243;][vc_column_text]Hay principalmente 5 especies de termitas en el sur de Europa :<\/p>\n<ul>\n<li><strong>Termita de Lucifuge<\/strong> (reticulitermes lucifugus),<\/li>\n<li><strong>Termita de Saintonge<\/strong> (reticulitermes santonensis),<\/li>\n<li><strong>Termita de cuello amarillo<\/strong> (Kalotermes flavicollis).<\/li>\n<li><strong>Otras termitas<\/strong> en el sur de Europa<\/li>\n<\/ul>\n<p>Las termitas pueden cruzar la mamposter\u00eda de edificios y casas para atacar la madera (marco, vigas, piso).<\/p>\n<p>Necesitan alimentarse de celulosa:<\/p>\n<p>Las termitas atacan todo tipo de madera, excepto algunas maderas ex\u00f3ticas.<br \/>\nUna infestaci\u00f3n de termitas comienza en la parte inferior del edificio.<br \/>\nDiferentes regiones en Europa se ven afectadas por las termitas.[\/vc_column_text][\/vc_column][\/vc_row][vc_row][vc_column width=\u00bb1\/2&#8243;][vc_custom_heading text=\u00bb\u00bfC\u00f3mo saber si su casa est\u00e1 infestada de termitas?\u00bb use_theme_fonts=\u00bbyes\u00bb][vc_column_text]El problema con las termitas es que son muy dif\u00edciles de detectar porque no hacen ruido y no producen aserr\u00edn.<\/p>\n<p>Esto es contrario a los insectos con larvas xil\u00f3fagas.<\/p>\n<p>Por otro lado, los agujeros a intervalos regulares (los agujeros de salida de las termitas se convierten en adultos) pueden probar la presencia de termitas.[\/vc_column_text][\/vc_column][vc_column width=\u00bb1\/2&#8243;][vc_single_image image=\u00bb532&#8243; img_size=\u00bblarge\u00bb][\/vc_column][\/vc_row][vc_row][vc_column][vc_custom_heading text=\u00bbTratamiento preventivo\u00bb font_container=\u00bbtag:h3|text_align:left\u00bb use_theme_fonts=\u00bbyes\u00bb][vc_column_text]En \u00e1reas donde la presencia de termitas es un riesgo permanente y si el edificio no est\u00e1 infestado, es \u00fatil implementar una protecci\u00f3n del edificio (tratamiento preventivo). Tratamiento anti-termitas.<\/p>\n<p>Esto mediante la creaci\u00f3n de una barrera insecticida, especialmente en la planta baja y en todos los niveles de propiedad conjunta para la madera estructural.<\/p>\n<p>Las trampas de cebo no son tecnolog\u00edas de tratamiento preventivo.<\/p>\n<p>Por otro lado, puede ser \u00fatil implementarlos para asegurar el monitoreo regular del edificio.[\/vc_column_text][vc_basic_grid post_type=\u00bbproduct\u00bb max_items=\u00bb2&#8243; element_width=\u00bb6&#8243; item=\u00bb142&#8243; grid_id=\u00bbvc_gid:1555335595436-e4a1ee15-4416-5&#8243; exclude=\u00bb65, 780&#8243;][\/vc_column][\/vc_row][vc_row][vc_column][vc_custom_heading text=\u00bbMadera de termitas: tratamiento curativo\u00bb font_container=\u00bbtag:h3|text_align:left\u00bb use_theme_fonts=\u00bbyes\u00bb][vc_column_text]Las termitas colonizan los s\u00f3tanos cavando galer\u00edas. Entonces te\u00f3ricamente pueden atacar tu casa por todos lados, aunque las \u00e1reas h\u00famedas o menos expuestas al sol son las m\u00e1s adecuadas.<\/p>\n<p>El primer paso es determinar d\u00f3nde est\u00e1n las termitas en tu casa.<\/p>\n<p>Las estaciones de detecci\u00f3n de termitas deben colocarse cada 2,5 a 3 metros alrededor de su casa y aproximadamente a 1 metro de distancia de su hogar.<\/p>\n<p>Para un hogar cl\u00e1sico, se necesitar\u00e1n entre 20 y 30 trampas para el tratamiento de las termitas.[\/vc_column_text][vc_basic_grid post_type=\u00bbproduct\u00bb max_items=\u00bb2&#8243; element_width=\u00bb6&#8243; item=\u00bb142&#8243; grid_id=\u00bbvc_gid:1555335612467-6274b950-bfde-2&#8243; exclude=\u00bb791, 68&#8243;][\/vc_column][\/vc_row]<\/p>\n<\/div>","protected":false},"excerpt":{"rendered":"<p>[vc_row][vc_column][vc_custom_heading text=\u00bbTratamiento anti termitas, la soluci\u00f3n de termitas explica el comportamiento de las termitas para erradicarlas\u00bb use_theme_fonts=\u00bbyes\u00bb][vc_column_text]Las termitas son insectos xil\u00f3fagos que viven en el suelo. Est\u00e1n en colonias jer\u00e1rquicas y organizadas que incluyen \u00absoldados\u00bb, \u00abtrabajadores\u00bb e insectos sexuales para la reproducci\u00f3n. Tenemos tratamiento anti termitas![\/vc_column_text][vc_custom_heading text=\u00bbLa termita, aprende a reconocerla\u00bb use_theme_fonts=\u00bbyes\u00bb][vc_column_text]En su mayor\u00eda se [&hellip;]<\/p>\n","protected":false},"author":1,"featured_media":532,"parent":0,"menu_order":0,"comment_status":"closed","ping_status":"open","template":"template-fullwidth.php","meta":{"footnotes":""},"class_list":["post-701","page","type-page","status-publish","has-post-thumbnail","hentry"],"yoast_head":"<!-- This site is optimized with the Yoast SEO plugin v27.4 - https:\/\/yoast.com\/product\/yoast-seo-wordpress\/ -->\n<title>Traitement anti termites - Termites Solution - Vente de kits anti-termite en ligne<\/title>\n<meta name=\"description\" content=\"Traitement anti termites \u00e0 vendre sur internet. Termites Solution est un site de vente de traitement anti termite en France. Des solutions contre le termite\" \/>\n<meta name=\"robots\" content=\"index, follow, max-snippet:-1, max-image-preview:large, max-video-preview:-1\" \/>\n<link rel=\"canonical\" href=\"https:\/\/www.termites-solution.com\/es\/\" \/>\n<meta property=\"og:locale\" content=\"es_ES\" \/>\n<meta property=\"og:type\" content=\"article\" \/>\n<meta property=\"og:title\" content=\"Traitement anti termites - Termites Solution - Vente de kits anti-termite en ligne\" \/>\n<meta property=\"og:description\" content=\"Traitement anti termites \u00e0 vendre sur internet. Termites Solution est un site de vente de traitement anti termite en France. Des solutions contre le termite\" \/>\n<meta property=\"og:url\" content=\"https:\/\/www.termites-solution.com\/es\/\" \/>\n<meta property=\"og:site_name\" content=\"Termites Solution\" \/>\n<meta property=\"article:modified_time\" content=\"2019-04-15T13:40:47+00:00\" \/>\n<meta name=\"twitter:card\" content=\"summary_large_image\" \/>\n<meta name=\"twitter:label1\" content=\"Tiempo de lectura\" \/>\n\t<meta name=\"twitter:data1\" content=\"3 minutos\" \/>\n<script type=\"application\/ld+json\" class=\"yoast-schema-graph\">{\"@context\":\"https:\\\/\\\/schema.org\",\"@graph\":[{\"@type\":\"WebPage\",\"@id\":\"https:\\\/\\\/www.termites-solution.com\\\/es\\\/\",\"url\":\"https:\\\/\\\/www.termites-solution.com\\\/es\\\/\",\"name\":\"Traitement anti termites - Termites Solution - Vente de kits anti-termite en ligne\",\"isPartOf\":{\"@id\":\"https:\\\/\\\/www.termites-solution.com\\\/es\\\/#website\"},\"primaryImageOfPage\":{\"@id\":\"https:\\\/\\\/www.termites-solution.com\\\/es\\\/#primaryimage\"},\"image\":{\"@id\":\"https:\\\/\\\/www.termites-solution.com\\\/es\\\/#primaryimage\"},\"thumbnailUrl\":\"https:\\\/\\\/www.termites-solution.com\\\/wp-content\\\/uploads\\\/2017\\\/11\\\/termites-en-action.jpg\",\"datePublished\":\"2017-11-04T16:58:23+00:00\",\"dateModified\":\"2019-04-15T13:40:47+00:00\",\"description\":\"Traitement anti termites \u00e0 vendre sur internet. Termites Solution est un site de vente de traitement anti termite en France. Des solutions contre le termite\",\"breadcrumb\":{\"@id\":\"https:\\\/\\\/www.termites-solution.com\\\/es\\\/#breadcrumb\"},\"inLanguage\":\"es\",\"potentialAction\":[{\"@type\":\"ReadAction\",\"target\":[\"https:\\\/\\\/www.termites-solution.com\\\/es\\\/\"]}]},{\"@type\":\"ImageObject\",\"inLanguage\":\"es\",\"@id\":\"https:\\\/\\\/www.termites-solution.com\\\/es\\\/#primaryimage\",\"url\":\"https:\\\/\\\/www.termites-solution.com\\\/wp-content\\\/uploads\\\/2017\\\/11\\\/termites-en-action.jpg\",\"contentUrl\":\"https:\\\/\\\/www.termites-solution.com\\\/wp-content\\\/uploads\\\/2017\\\/11\\\/termites-en-action.jpg\",\"width\":1200,\"height\":800,\"caption\":\"Produits anti termites\"},{\"@type\":\"BreadcrumbList\",\"@id\":\"https:\\\/\\\/www.termites-solution.com\\\/es\\\/#breadcrumb\",\"itemListElement\":[{\"@type\":\"ListItem\",\"position\":1,\"name\":\"Accueil\",\"item\":\"https:\\\/\\\/www.termites-solution.com\\\/es\\\/\"},{\"@type\":\"ListItem\",\"position\":2,\"name\":\"Tratamiento anti termitas, trampas y cartuchos de insecticida.\"}]},{\"@type\":\"WebSite\",\"@id\":\"https:\\\/\\\/www.termites-solution.com\\\/es\\\/#website\",\"url\":\"https:\\\/\\\/www.termites-solution.com\\\/es\\\/\",\"name\":\"Termites Solution\",\"description\":\"Traitement puissant, simple et efficace\",\"publisher\":{\"@id\":\"https:\\\/\\\/www.termites-solution.com\\\/es\\\/#organization\"},\"potentialAction\":[{\"@type\":\"SearchAction\",\"target\":{\"@type\":\"EntryPoint\",\"urlTemplate\":\"https:\\\/\\\/www.termites-solution.com\\\/es\\\/?s={search_term_string}\"},\"query-input\":{\"@type\":\"PropertyValueSpecification\",\"valueRequired\":true,\"valueName\":\"search_term_string\"}}],\"inLanguage\":\"es\"},{\"@type\":\"Organization\",\"@id\":\"https:\\\/\\\/www.termites-solution.com\\\/es\\\/#organization\",\"name\":\"Termites Solution\",\"url\":\"https:\\\/\\\/www.termites-solution.com\\\/es\\\/\",\"logo\":{\"@type\":\"ImageObject\",\"inLanguage\":\"es\",\"@id\":\"https:\\\/\\\/www.termites-solution.com\\\/es\\\/#\\\/schema\\\/logo\\\/image\\\/\",\"url\":\"https:\\\/\\\/www.termites-solution.com\\\/wp-content\\\/uploads\\\/2018\\\/05\\\/logo-termites-solution.png\",\"contentUrl\":\"https:\\\/\\\/www.termites-solution.com\\\/wp-content\\\/uploads\\\/2018\\\/05\\\/logo-termites-solution.png\",\"width\":500,\"height\":146,\"caption\":\"Termites Solution\"},\"image\":{\"@id\":\"https:\\\/\\\/www.termites-solution.com\\\/es\\\/#\\\/schema\\\/logo\\\/image\\\/\"}}]}<\/script>\n<!-- \/ Yoast SEO plugin. -->","yoast_head_json":{"title":"Traitement anti termites - Termites Solution - Vente de kits anti-termite en ligne","description":"Traitement anti termites \u00e0 vendre sur internet. Termites Solution est un site de vente de traitement anti termite en France. Des solutions contre le termite","robots":{"index":"index","follow":"follow","max-snippet":"max-snippet:-1","max-image-preview":"max-image-preview:large","max-video-preview":"max-video-preview:-1"},"canonical":"https:\/\/www.termites-solution.com\/es\/","og_locale":"es_ES","og_type":"article","og_title":"Traitement anti termites - Termites Solution - Vente de kits anti-termite en ligne","og_description":"Traitement anti termites \u00e0 vendre sur internet. Termites Solution est un site de vente de traitement anti termite en France. Des solutions contre le termite","og_url":"https:\/\/www.termites-solution.com\/es\/","og_site_name":"Termites Solution","article_modified_time":"2019-04-15T13:40:47+00:00","twitter_card":"summary_large_image","twitter_misc":{"Tiempo de lectura":"3 minutos"},"schema":{"@context":"https:\/\/schema.org","@graph":[{"@type":"WebPage","@id":"https:\/\/www.termites-solution.com\/es\/","url":"https:\/\/www.termites-solution.com\/es\/","name":"Traitement anti termites - Termites Solution - Vente de kits anti-termite en ligne","isPartOf":{"@id":"https:\/\/www.termites-solution.com\/es\/#website"},"primaryImageOfPage":{"@id":"https:\/\/www.termites-solution.com\/es\/#primaryimage"},"image":{"@id":"https:\/\/www.termites-solution.com\/es\/#primaryimage"},"thumbnailUrl":"https:\/\/www.termites-solution.com\/wp-content\/uploads\/2017\/11\/termites-en-action.jpg","datePublished":"2017-11-04T16:58:23+00:00","dateModified":"2019-04-15T13:40:47+00:00","description":"Traitement anti termites \u00e0 vendre sur internet. Termites Solution est un site de vente de traitement anti termite en France. Des solutions contre le termite","breadcrumb":{"@id":"https:\/\/www.termites-solution.com\/es\/#breadcrumb"},"inLanguage":"es","potentialAction":[{"@type":"ReadAction","target":["https:\/\/www.termites-solution.com\/es\/"]}]},{"@type":"ImageObject","inLanguage":"es","@id":"https:\/\/www.termites-solution.com\/es\/#primaryimage","url":"https:\/\/www.termites-solution.com\/wp-content\/uploads\/2017\/11\/termites-en-action.jpg","contentUrl":"https:\/\/www.termites-solution.com\/wp-content\/uploads\/2017\/11\/termites-en-action.jpg","width":1200,"height":800,"caption":"Produits anti termites"},{"@type":"BreadcrumbList","@id":"https:\/\/www.termites-solution.com\/es\/#breadcrumb","itemListElement":[{"@type":"ListItem","position":1,"name":"Accueil","item":"https:\/\/www.termites-solution.com\/es\/"},{"@type":"ListItem","position":2,"name":"Tratamiento anti termitas, trampas y cartuchos de insecticida."}]},{"@type":"WebSite","@id":"https:\/\/www.termites-solution.com\/es\/#website","url":"https:\/\/www.termites-solution.com\/es\/","name":"Termites Solution","description":"Traitement puissant, simple et efficace","publisher":{"@id":"https:\/\/www.termites-solution.com\/es\/#organization"},"potentialAction":[{"@type":"SearchAction","target":{"@type":"EntryPoint","urlTemplate":"https:\/\/www.termites-solution.com\/es\/?s={search_term_string}"},"query-input":{"@type":"PropertyValueSpecification","valueRequired":true,"valueName":"search_term_string"}}],"inLanguage":"es"},{"@type":"Organization","@id":"https:\/\/www.termites-solution.com\/es\/#organization","name":"Termites Solution","url":"https:\/\/www.termites-solution.com\/es\/","logo":{"@type":"ImageObject","inLanguage":"es","@id":"https:\/\/www.termites-solution.com\/es\/#\/schema\/logo\/image\/","url":"https:\/\/www.termites-solution.com\/wp-content\/uploads\/2018\/05\/logo-termites-solution.png","contentUrl":"https:\/\/www.termites-solution.com\/wp-content\/uploads\/2018\/05\/logo-termites-solution.png","width":500,"height":146,"caption":"Termites Solution"},"image":{"@id":"https:\/\/www.termites-solution.com\/es\/#\/schema\/logo\/image\/"}}]}},"_links":{"self":[{"href":"https:\/\/www.termites-solution.com\/es\/wp-json\/wp\/v2\/pages\/701","targetHints":{"allow":["GET"]}}],"collection":[{"href":"https:\/\/www.termites-solution.com\/es\/wp-json\/wp\/v2\/pages"}],"about":[{"href":"https:\/\/www.termites-solution.com\/es\/wp-json\/wp\/v2\/types\/page"}],"author":[{"embeddable":true,"href":"https:\/\/www.termites-solution.com\/es\/wp-json\/wp\/v2\/users\/1"}],"replies":[{"embeddable":true,"href":"https:\/\/www.termites-solution.com\/es\/wp-json\/wp\/v2\/comments?post=701"}],"version-history":[{"count":0,"href":"https:\/\/www.termites-solution.com\/es\/wp-json\/wp\/v2\/pages\/701\/revisions"}],"wp:featuredmedia":[{"embeddable":true,"href":"https:\/\/www.termites-solution.com\/es\/wp-json\/wp\/v2\/media\/532"}],"wp:attachment":[{"href":"https:\/\/www.termites-solution.com\/es\/wp-json\/wp\/v2\/media?parent=701"}],"curies":[{"name":"wp","href":"https:\/\/api.w.org\/{rel}","templated":true}]}}