{"id":726,"date":"2017-12-05T21:28:44","date_gmt":"2017-12-05T20:28:44","guid":{"rendered":"https:\/\/www.termites-solution.com\/vente-de-kit-anti-termites\/"},"modified":"2019-04-15T15:10:59","modified_gmt":"2019-04-15T13:10:59","slug":"venta-de-productos-anti-termitas","status":"publish","type":"page","link":"https:\/\/www.termites-solution.com\/es\/venta-de-productos-anti-termitas\/","title":{"rendered":"Venta de productos anti termitas"},"content":{"rendered":"<div class=\"wpb-content-wrapper\"><p>[vc_row][vc_column][vc_custom_heading text=\u00bbTermitas Soluci\u00f3n la soluci\u00f3n de termitas\u00bb font_container=\u00bbtag:h1|text_align:left\u00bb use_theme_fonts=\u00bbyes\u00bb][vc_row_inner][vc_column_inner width=\u00bb2\/3&#8243;][vc_column_text]La compa\u00f1\u00eda Termites Solution est\u00e1 especializada en la venta de productos anti termitas. A continuaci\u00f3n ofrecemos dos kits anti-termitas altamente efectivos para detectar y erradicar termitas. Nuestros productos son f\u00e1ciles de usar y nuestra oferta de precio es muy competitiva. En promedio, somos la mitad del precio de nuestros competidores.<\/p>\n<p>El kit de casa para la detecci\u00f3n y erradicaci\u00f3n de termitas es para personas que necesitan proteger sus hogares de las termitas. Puede detectar lugares de infecci\u00f3n y erradicar la (s) colonia (s) de termitas.<\/p>\n<p>El kit de casa para la erradicaci\u00f3n de termitas est\u00e1 dirigido a personas que ya saben d\u00f3nde est\u00e1n las termitas en su casa. Los cartuchos de insecticida est\u00e1n listos para usar y contienen un insecticida efectivo.[\/vc_column_text][\/vc_column_inner][vc_column_inner width=\u00bb1\/3&#8243;][vc_single_image image=\u00bb536&#8243; img_size=\u00bbmedium\u00bb onclick=\u00bblink_image\u00bb][\/vc_column_inner][\/vc_row_inner][vc_custom_heading text=\u00bbDescubre nuestros art\u00edculos Anti Termitas\u00bb use_theme_fonts=\u00bbyes\u00bb][vc_row_inner][vc_column_inner][vc_basic_grid post_type=\u00bbproduct\u00bb max_items=\u00bb4&#8243; element_width=\u00bb6&#8243; item=\u00bb142&#8243; grid_id=\u00bbvc_gid:1555333707221-cd23c439-ee28-6&#8243;][\/vc_column_inner][\/vc_row_inner][\/vc_column][\/vc_row]<\/p>\n<\/div>","protected":false},"excerpt":{"rendered":"<p>[vc_row][vc_column][vc_custom_heading text=\u00bbTermitas Soluci\u00f3n la soluci\u00f3n de termitas\u00bb font_container=\u00bbtag:h1|text_align:left\u00bb use_theme_fonts=\u00bbyes\u00bb][vc_row_inner][vc_column_inner width=\u00bb2\/3&#8243;][vc_column_text]La compa\u00f1\u00eda Termites Solution est\u00e1 especializada en la venta de productos anti termitas. A continuaci\u00f3n ofrecemos dos kits anti-termitas altamente efectivos para detectar y erradicar termitas. Nuestros productos son f\u00e1ciles de usar y nuestra oferta de precio es muy competitiva. En promedio, somos la mitad del [&hellip;]<\/p>\n","protected":false},"author":1,"featured_media":532,"parent":0,"menu_order":0,"comment_status":"closed","ping_status":"closed","template":"template-fullwidth-no-title.php","meta":{"footnotes":""},"class_list":["post-726","page","type-page","status-publish","has-post-thumbnail","hentry"],"yoast_head":"<!-- This site is optimized with the Yoast SEO plugin v27.4 - https:\/\/yoast.com\/product\/yoast-seo-wordpress\/ -->\n<title>Venta de productos contra termitas - Termitas Termitas Soluci\u00f3n<\/title>\n<meta name=\"description\" content=\"Venta de productos anti termitas, trampas de termitas y cartuchos de tratamiento. Empieza ahora a tratar tus casas contra las termitas. El kit de detecci\u00f3n y erradicaci\u00f3n de termitas en el hogar es para personas que necesitan proteger sus hogares de las termitas.\" \/>\n<meta name=\"robots\" content=\"index, follow, max-snippet:-1, max-image-preview:large, max-video-preview:-1\" \/>\n<link rel=\"canonical\" href=\"https:\/\/www.termites-solution.com\/es\/venta-de-productos-anti-termitas\/\" \/>\n<meta property=\"og:locale\" content=\"es_ES\" \/>\n<meta property=\"og:type\" content=\"article\" \/>\n<meta property=\"og:title\" content=\"Venta de productos contra termitas - Termitas Termitas Soluci\u00f3n\" \/>\n<meta property=\"og:description\" content=\"Venta de productos anti termitas, trampas de termitas y cartuchos de tratamiento. Empieza ahora a tratar tus casas contra las termitas. El kit de detecci\u00f3n y erradicaci\u00f3n de termitas en el hogar es para personas que necesitan proteger sus hogares de las termitas.\" \/>\n<meta property=\"og:url\" content=\"https:\/\/www.termites-solution.com\/es\/venta-de-productos-anti-termitas\/\" \/>\n<meta property=\"og:site_name\" content=\"Termites Solution\" \/>\n<meta property=\"article:modified_time\" content=\"2019-04-15T13:10:59+00:00\" \/>\n<meta name=\"twitter:card\" content=\"summary_large_image\" \/>\n<meta name=\"twitter:label1\" content=\"Tiempo de lectura\" \/>\n\t<meta name=\"twitter:data1\" content=\"1 minuto\" \/>\n<script type=\"application\/ld+json\" class=\"yoast-schema-graph\">{\"@context\":\"https:\\\/\\\/schema.org\",\"@graph\":[{\"@type\":\"WebPage\",\"@id\":\"https:\\\/\\\/www.termites-solution.com\\\/es\\\/venta-de-productos-anti-termitas\\\/\",\"url\":\"https:\\\/\\\/www.termites-solution.com\\\/es\\\/venta-de-productos-anti-termitas\\\/\",\"name\":\"Venta de productos contra termitas - Termitas Termitas Soluci\u00f3n\",\"isPartOf\":{\"@id\":\"https:\\\/\\\/www.termites-solution.com\\\/es\\\/#website\"},\"primaryImageOfPage\":{\"@id\":\"https:\\\/\\\/www.termites-solution.com\\\/es\\\/venta-de-productos-anti-termitas\\\/#primaryimage\"},\"image\":{\"@id\":\"https:\\\/\\\/www.termites-solution.com\\\/es\\\/venta-de-productos-anti-termitas\\\/#primaryimage\"},\"thumbnailUrl\":\"https:\\\/\\\/www.termites-solution.com\\\/wp-content\\\/uploads\\\/2017\\\/11\\\/termites-en-action.jpg\",\"datePublished\":\"2017-12-05T20:28:44+00:00\",\"dateModified\":\"2019-04-15T13:10:59+00:00\",\"description\":\"Venta de productos anti termitas, trampas de termitas y cartuchos de tratamiento. Empieza ahora a tratar tus casas contra las termitas. El kit de detecci\u00f3n y erradicaci\u00f3n de termitas en el hogar es para personas que necesitan proteger sus hogares de las termitas.\",\"breadcrumb\":{\"@id\":\"https:\\\/\\\/www.termites-solution.com\\\/es\\\/venta-de-productos-anti-termitas\\\/#breadcrumb\"},\"inLanguage\":\"es\",\"potentialAction\":[{\"@type\":\"ReadAction\",\"target\":[\"https:\\\/\\\/www.termites-solution.com\\\/es\\\/venta-de-productos-anti-termitas\\\/\"]}]},{\"@type\":\"ImageObject\",\"inLanguage\":\"es\",\"@id\":\"https:\\\/\\\/www.termites-solution.com\\\/es\\\/venta-de-productos-anti-termitas\\\/#primaryimage\",\"url\":\"https:\\\/\\\/www.termites-solution.com\\\/wp-content\\\/uploads\\\/2017\\\/11\\\/termites-en-action.jpg\",\"contentUrl\":\"https:\\\/\\\/www.termites-solution.com\\\/wp-content\\\/uploads\\\/2017\\\/11\\\/termites-en-action.jpg\",\"width\":1200,\"height\":800,\"caption\":\"Produits anti termites\"},{\"@type\":\"BreadcrumbList\",\"@id\":\"https:\\\/\\\/www.termites-solution.com\\\/es\\\/venta-de-productos-anti-termitas\\\/#breadcrumb\",\"itemListElement\":[{\"@type\":\"ListItem\",\"position\":1,\"name\":\"Accueil\",\"item\":\"https:\\\/\\\/www.termites-solution.com\\\/es\\\/\"},{\"@type\":\"ListItem\",\"position\":2,\"name\":\"Venta de productos anti termitas\"}]},{\"@type\":\"WebSite\",\"@id\":\"https:\\\/\\\/www.termites-solution.com\\\/es\\\/#website\",\"url\":\"https:\\\/\\\/www.termites-solution.com\\\/es\\\/\",\"name\":\"Termites Solution\",\"description\":\"Traitement puissant, simple et efficace\",\"publisher\":{\"@id\":\"https:\\\/\\\/www.termites-solution.com\\\/es\\\/#organization\"},\"potentialAction\":[{\"@type\":\"SearchAction\",\"target\":{\"@type\":\"EntryPoint\",\"urlTemplate\":\"https:\\\/\\\/www.termites-solution.com\\\/es\\\/?s={search_term_string}\"},\"query-input\":{\"@type\":\"PropertyValueSpecification\",\"valueRequired\":true,\"valueName\":\"search_term_string\"}}],\"inLanguage\":\"es\"},{\"@type\":\"Organization\",\"@id\":\"https:\\\/\\\/www.termites-solution.com\\\/es\\\/#organization\",\"name\":\"Termites Solution\",\"url\":\"https:\\\/\\\/www.termites-solution.com\\\/es\\\/\",\"logo\":{\"@type\":\"ImageObject\",\"inLanguage\":\"es\",\"@id\":\"https:\\\/\\\/www.termites-solution.com\\\/es\\\/#\\\/schema\\\/logo\\\/image\\\/\",\"url\":\"https:\\\/\\\/www.termites-solution.com\\\/wp-content\\\/uploads\\\/2018\\\/05\\\/logo-termites-solution.png\",\"contentUrl\":\"https:\\\/\\\/www.termites-solution.com\\\/wp-content\\\/uploads\\\/2018\\\/05\\\/logo-termites-solution.png\",\"width\":500,\"height\":146,\"caption\":\"Termites Solution\"},\"image\":{\"@id\":\"https:\\\/\\\/www.termites-solution.com\\\/es\\\/#\\\/schema\\\/logo\\\/image\\\/\"}}]}<\/script>\n<!-- \/ Yoast SEO plugin. -->","yoast_head_json":{"title":"Venta de productos contra termitas - Termitas Termitas Soluci\u00f3n","description":"Venta de productos anti termitas, trampas de termitas y cartuchos de tratamiento. Empieza ahora a tratar tus casas contra las termitas. El kit de detecci\u00f3n y erradicaci\u00f3n de termitas en el hogar es para personas que necesitan proteger sus hogares de las termitas.","robots":{"index":"index","follow":"follow","max-snippet":"max-snippet:-1","max-image-preview":"max-image-preview:large","max-video-preview":"max-video-preview:-1"},"canonical":"https:\/\/www.termites-solution.com\/es\/venta-de-productos-anti-termitas\/","og_locale":"es_ES","og_type":"article","og_title":"Venta de productos contra termitas - Termitas Termitas Soluci\u00f3n","og_description":"Venta de productos anti termitas, trampas de termitas y cartuchos de tratamiento. Empieza ahora a tratar tus casas contra las termitas. El kit de detecci\u00f3n y erradicaci\u00f3n de termitas en el hogar es para personas que necesitan proteger sus hogares de las termitas.","og_url":"https:\/\/www.termites-solution.com\/es\/venta-de-productos-anti-termitas\/","og_site_name":"Termites Solution","article_modified_time":"2019-04-15T13:10:59+00:00","twitter_card":"summary_large_image","twitter_misc":{"Tiempo de lectura":"1 minuto"},"schema":{"@context":"https:\/\/schema.org","@graph":[{"@type":"WebPage","@id":"https:\/\/www.termites-solution.com\/es\/venta-de-productos-anti-termitas\/","url":"https:\/\/www.termites-solution.com\/es\/venta-de-productos-anti-termitas\/","name":"Venta de productos contra termitas - Termitas Termitas Soluci\u00f3n","isPartOf":{"@id":"https:\/\/www.termites-solution.com\/es\/#website"},"primaryImageOfPage":{"@id":"https:\/\/www.termites-solution.com\/es\/venta-de-productos-anti-termitas\/#primaryimage"},"image":{"@id":"https:\/\/www.termites-solution.com\/es\/venta-de-productos-anti-termitas\/#primaryimage"},"thumbnailUrl":"https:\/\/www.termites-solution.com\/wp-content\/uploads\/2017\/11\/termites-en-action.jpg","datePublished":"2017-12-05T20:28:44+00:00","dateModified":"2019-04-15T13:10:59+00:00","description":"Venta de productos anti termitas, trampas de termitas y cartuchos de tratamiento. Empieza ahora a tratar tus casas contra las termitas. El kit de detecci\u00f3n y erradicaci\u00f3n de termitas en el hogar es para personas que necesitan proteger sus hogares de las termitas.","breadcrumb":{"@id":"https:\/\/www.termites-solution.com\/es\/venta-de-productos-anti-termitas\/#breadcrumb"},"inLanguage":"es","potentialAction":[{"@type":"ReadAction","target":["https:\/\/www.termites-solution.com\/es\/venta-de-productos-anti-termitas\/"]}]},{"@type":"ImageObject","inLanguage":"es","@id":"https:\/\/www.termites-solution.com\/es\/venta-de-productos-anti-termitas\/#primaryimage","url":"https:\/\/www.termites-solution.com\/wp-content\/uploads\/2017\/11\/termites-en-action.jpg","contentUrl":"https:\/\/www.termites-solution.com\/wp-content\/uploads\/2017\/11\/termites-en-action.jpg","width":1200,"height":800,"caption":"Produits anti termites"},{"@type":"BreadcrumbList","@id":"https:\/\/www.termites-solution.com\/es\/venta-de-productos-anti-termitas\/#breadcrumb","itemListElement":[{"@type":"ListItem","position":1,"name":"Accueil","item":"https:\/\/www.termites-solution.com\/es\/"},{"@type":"ListItem","position":2,"name":"Venta de productos anti termitas"}]},{"@type":"WebSite","@id":"https:\/\/www.termites-solution.com\/es\/#website","url":"https:\/\/www.termites-solution.com\/es\/","name":"Termites Solution","description":"Traitement puissant, simple et efficace","publisher":{"@id":"https:\/\/www.termites-solution.com\/es\/#organization"},"potentialAction":[{"@type":"SearchAction","target":{"@type":"EntryPoint","urlTemplate":"https:\/\/www.termites-solution.com\/es\/?s={search_term_string}"},"query-input":{"@type":"PropertyValueSpecification","valueRequired":true,"valueName":"search_term_string"}}],"inLanguage":"es"},{"@type":"Organization","@id":"https:\/\/www.termites-solution.com\/es\/#organization","name":"Termites Solution","url":"https:\/\/www.termites-solution.com\/es\/","logo":{"@type":"ImageObject","inLanguage":"es","@id":"https:\/\/www.termites-solution.com\/es\/#\/schema\/logo\/image\/","url":"https:\/\/www.termites-solution.com\/wp-content\/uploads\/2018\/05\/logo-termites-solution.png","contentUrl":"https:\/\/www.termites-solution.com\/wp-content\/uploads\/2018\/05\/logo-termites-solution.png","width":500,"height":146,"caption":"Termites Solution"},"image":{"@id":"https:\/\/www.termites-solution.com\/es\/#\/schema\/logo\/image\/"}}]}},"_links":{"self":[{"href":"https:\/\/www.termites-solution.com\/es\/wp-json\/wp\/v2\/pages\/726","targetHints":{"allow":["GET"]}}],"collection":[{"href":"https:\/\/www.termites-solution.com\/es\/wp-json\/wp\/v2\/pages"}],"about":[{"href":"https:\/\/www.termites-solution.com\/es\/wp-json\/wp\/v2\/types\/page"}],"author":[{"embeddable":true,"href":"https:\/\/www.termites-solution.com\/es\/wp-json\/wp\/v2\/users\/1"}],"replies":[{"embeddable":true,"href":"https:\/\/www.termites-solution.com\/es\/wp-json\/wp\/v2\/comments?post=726"}],"version-history":[{"count":0,"href":"https:\/\/www.termites-solution.com\/es\/wp-json\/wp\/v2\/pages\/726\/revisions"}],"wp:featuredmedia":[{"embeddable":true,"href":"https:\/\/www.termites-solution.com\/es\/wp-json\/wp\/v2\/media\/532"}],"wp:attachment":[{"href":"https:\/\/www.termites-solution.com\/es\/wp-json\/wp\/v2\/media?parent=726"}],"curies":[{"name":"wp","href":"https:\/\/api.w.org\/{rel}","templated":true}]}}