{"id":720,"date":"2017-11-08T01:34:40","date_gmt":"2017-11-08T00:34:40","guid":{"rendered":"https:\/\/www.termites-solution.com\/boutique\/kit-maison-eradication-termites\/"},"modified":"2021-04-19T22:19:25","modified_gmt":"2021-04-19T20:19:25","slug":"kit-de-erradicacion-de-la-termitis","status":"publish","type":"product","link":"https:\/\/www.termites-solution.com\/es\/boutique\/kit-de-erradicacion-de-la-termitis\/","title":{"rendered":"Kit de erradicaci\u00f3n de la termitis"},"content":{"rendered":"<div class=\"wpb-content-wrapper\"><p>[vc_row][vc_column][vc_custom_heading text=\u00bbEXPLICACI\u00d3N DE NUESTRO KIT DE CASA PARA DE ERRADICACI\u00d3N DE TERMITAS\u00bb use_theme_fonts=\u00bbyes\u00bb][vc_column_text]El kit de tratamiento es para personas que ya saben d\u00f3nde est\u00e1n las termitas en su casa.<\/p>\n<p>El uso es f\u00e1cil porque los 30 cartuchos de insecticida est\u00e1n listos para su uso. Ya incorporan celulosa para atraer a las termitas y un poderoso insecticida para erradicarlas. La eliminaci\u00f3n de las termitas es directa y definitiva gracias a la propagaci\u00f3n del insecticida en la colonia subterr\u00e1nea por parte de los trabajadores de las termitas.[\/vc_column_text][vc_custom_heading text=\u00bbLas termitas depositan feromonas &#8230;\u00bb font_container=\u00bbtag:h3|text_align:left\u00bb use_theme_fonts=\u00bbyes\u00bb][vc_column_text]En el proceso, las termitas depositan feromonas u olores qu\u00edmicos, lo que fomenta el reclutamiento de otras termitas hacia el cebo para la contaminaci\u00f3n global de la colonia subterr\u00e1nea. Aqu\u00ed est\u00e1 la soluci\u00f3n para el tratamiento de termitas.[\/vc_column_text][vc_row_inner][vc_column_inner width=\u00bb1\/4&#8243;][vc_single_image image=\u00bb586&#8243; img_size=\u00bblarge\u00bb onclick=\u00bblink_image\u00bb][\/vc_column_inner][vc_column_inner width=\u00bb1\/4&#8243;][vc_column_text]1\/\u00a0 Despu\u00e9s de determinar la ubicaci\u00f3n a tratar, utilice el tornillo sin fin para cavar un agujero de 19 cm de profundidad igual al cartucho de insecticida.[\/vc_column_text][\/vc_column_inner][vc_column_inner width=\u00bb1\/4&#8243;][vc_single_image image=\u00bb588&#8243; img_size=\u00bblarge\u00bb onclick=\u00bblink_image\u00bb][\/vc_column_inner][vc_column_inner width=\u00bb1\/4&#8243;][vc_column_text]2\/ Tome un cartucho de insecticida y col\u00f3quelo en el disco de pl\u00e1stico verde para mantener el cartucho al ras con el piso.[\/vc_column_text][\/vc_column_inner][\/vc_row_inner][vc_row_inner][vc_column_inner width=\u00bb1\/4&#8243;][vc_single_image image=\u00bb590&#8243; img_size=\u00bblarge\u00bb onclick=\u00bblink_image\u00bb][\/vc_column_inner][vc_column_inner width=\u00bb1\/4&#8243;][vc_column_text]3\/\u00a0 Empuje el conjunto dentro del orificio para que la parte superior del cartucho y el disco verde queden alineados con la superficie del suelo,[\/vc_column_text][\/vc_column_inner][vc_column_inner width=\u00bb1\/4&#8243;][vc_single_image image=\u00bb592&#8243; img_size=\u00bblarge\u00bb onclick=\u00bblink_image\u00bb][\/vc_column_inner][vc_column_inner width=\u00bb1\/4&#8243;][vc_column_text]4\/\u00a0 No toque m\u00e1s y espere. Cuando las termitas comen el insecticida contenido en el cartucho. La parte superior del cartucho, cuyo centro es una varilla de pl\u00e1stico naranja, subir\u00e1 desde el resorte colocado en el interior. Esta primavera est\u00e1 conectada a la varilla empapada en insecticida.<\/p>\n<p>Para que pueda saber si las termitas han comido el insecticida y envenenar\u00e1 todo el mont\u00edculo de termitas.[\/vc_column_text][\/vc_column_inner][\/vc_row_inner][vc_column_text]5\/ Tan pronto como las termitas hayan comido todo el interior del cartucho de insecticida, coloque un cartucho nuevo hasta que las termitas no vuelvan. La fase de erradicaci\u00f3n se alcanza cuando las termitas no han regresado por m\u00e1s de tres meses consecutivos.[\/vc_column_text][vc_separator][vc_row_inner][vc_column_inner width=\u00bb1\/2&#8243;][vc_video link=\u00bbhttps:\/\/www.youtube.com\/watch?v=zkxTDkBdHS8&#8243;][\/vc_column_inner][vc_column_inner width=\u00bb1\/2&#8243;][vc_video link=\u00bbhttps:\/\/www.youtube.com\/watch?v=tBHZSqpXdvw\u00bb][\/vc_column_inner][\/vc_row_inner][\/vc_column][\/vc_row]<\/p>\n<\/div>","protected":false},"excerpt":{"rendered":"<h3>El kit de casa para la erradicaci\u00f3n de termitas incluye:<\/h3>\n<ul>\n<li><strong>30 cartuchos de insecticida<\/strong><\/li>\n<li><strong>Un tornillo sin fin para cavar agujeros<\/strong><\/li>\n<\/ul>\n<p>El kit de tratamiento es para personas que ya saben d\u00f3nde est\u00e1n las termitas en su casa.<\/p>\n<p>El uso es f\u00e1cil porque los 30 cartuchos de insecticida est\u00e1n listos para su uso. Ya incorporan celulosa para atraer a las termitas y un poderoso insecticida para erradicarlas. La eliminaci\u00f3n de las termitas es directa y definitiva gracias a la propagaci\u00f3n del insecticida en la colonia subterr\u00e1nea por parte de los trabajadores de las termitas.<\/p>\n<p>En el proceso, las termitas depositan feromonas u olores qu\u00edmicos, lo que fomenta el reclutamiento de otras termitas hacia el cebo para la contaminaci\u00f3n global de la colonia subterr\u00e1nea.<\/p>\n<p>&nbsp;<\/p>\n<p><img loading=\"lazy\" decoding=\"async\" class=\"alignnone size-medium wp-image-192\" src=\"https:\/\/www.termites-solution.com\/wp-content\/uploads\/2017\/11\/paiement_securise_paypal-300x75.png\" alt=\"Paiement s\u00e9curis\u00e9 par Paypal\" width=\"300\" height=\"75\" srcset=\"https:\/\/www.termites-solution.com\/wp-content\/uploads\/2017\/11\/paiement_securise_paypal-300x75.png 300w, https:\/\/www.termites-solution.com\/wp-content\/uploads\/2017\/11\/paiement_securise_paypal-555x139.png 555w, https:\/\/www.termites-solution.com\/wp-content\/uploads\/2017\/11\/paiement_securise_paypal-768x192.png 768w, https:\/\/www.termites-solution.com\/wp-content\/uploads\/2017\/11\/paiement_securise_paypal.png 1000w\" sizes=\"auto, (max-width: 300px) 100vw, 300px\" \/><\/p>\n","protected":false},"featured_media":1331,"comment_status":"open","ping_status":"closed","template":"","meta":[],"product_brand":[],"product_cat":[31],"product_tag":[],"class_list":{"0":"post-720","1":"product","2":"type-product","3":"status-publish","4":"has-post-thumbnail","6":"product_cat-kit-termitas","8":"first","9":"instock","10":"taxable","11":"shipping-taxable","12":"purchasable","13":"product-type-simple"},"yoast_head":"<!-- This site is optimized with the Yoast SEO plugin v27.1.1 - https:\/\/yoast.com\/product\/yoast-seo-wordpress\/ -->\n<title>Tratamiento de termitas - Destrucci\u00f3n de termitas - Erradicaci\u00f3n termitas<\/title>\n<meta name=\"description\" content=\"El kit de erradicaci\u00f3n de termitas para el hogar es para personas que ya saben d\u00f3nde est\u00e1n las termitas alrededor de su hogar. Una vez que las termitas hayan comido todo el interior del cartucho de insecticida para el tratamiento de termitas, coloque un cartucho nuevo hasta que las termitas no regresen.\" \/>\n<meta name=\"robots\" content=\"index, follow, max-snippet:-1, max-image-preview:large, max-video-preview:-1\" \/>\n<link rel=\"canonical\" href=\"https:\/\/www.termites-solution.com\/es\/boutique\/kit-de-erradicacion-de-la-termitis\/\" \/>\n<meta property=\"og:locale\" content=\"es_ES\" \/>\n<meta property=\"og:type\" content=\"article\" \/>\n<meta property=\"og:title\" content=\"Tratamiento de termitas - Destrucci\u00f3n de termitas - Erradicaci\u00f3n termitas\" \/>\n<meta property=\"og:description\" content=\"El kit de erradicaci\u00f3n de termitas para el hogar es para personas que ya saben d\u00f3nde est\u00e1n las termitas alrededor de su hogar. Una vez que las termitas hayan comido todo el interior del cartucho de insecticida para el tratamiento de termitas, coloque un cartucho nuevo hasta que las termitas no regresen.\" \/>\n<meta property=\"og:url\" content=\"https:\/\/www.termites-solution.com\/es\/boutique\/kit-de-erradicacion-de-la-termitis\/\" \/>\n<meta property=\"og:site_name\" content=\"Termites Solution\" \/>\n<meta property=\"article:modified_time\" content=\"2021-04-19T20:19:25+00:00\" \/>\n<meta property=\"og:image\" content=\"https:\/\/www.termites-solution.com\/wp-content\/uploads\/2019\/04\/kit-maison-eradication-termites-2.jpg\" \/>\n\t<meta property=\"og:image:width\" content=\"1280\" \/>\n\t<meta property=\"og:image:height\" content=\"1029\" \/>\n\t<meta property=\"og:image:type\" content=\"image\/jpeg\" \/>\n<meta name=\"twitter:card\" content=\"summary_large_image\" \/>\n<meta name=\"twitter:label1\" content=\"Tiempo de lectura\" \/>\n\t<meta name=\"twitter:data1\" content=\"3 minutos\" \/>\n<script type=\"application\/ld+json\" class=\"yoast-schema-graph\">{\"@context\":\"https:\/\/schema.org\",\"@graph\":[{\"@type\":\"WebPage\",\"@id\":\"https:\/\/www.termites-solution.com\/es\/boutique\/kit-de-erradicacion-de-la-termitis\/\",\"url\":\"https:\/\/www.termites-solution.com\/es\/boutique\/kit-de-erradicacion-de-la-termitis\/\",\"name\":\"Tratamiento de termitas - Destrucci\u00f3n de termitas - Erradicaci\u00f3n termitas\",\"isPartOf\":{\"@id\":\"https:\/\/www.termites-solution.com\/es\/#website\"},\"primaryImageOfPage\":{\"@id\":\"https:\/\/www.termites-solution.com\/es\/boutique\/kit-de-erradicacion-de-la-termitis\/#primaryimage\"},\"image\":{\"@id\":\"https:\/\/www.termites-solution.com\/es\/boutique\/kit-de-erradicacion-de-la-termitis\/#primaryimage\"},\"thumbnailUrl\":\"https:\/\/www.termites-solution.com\/wp-content\/uploads\/2019\/04\/kit-maison-eradication-termites-2.jpg\",\"datePublished\":\"2017-11-08T00:34:40+00:00\",\"dateModified\":\"2021-04-19T20:19:25+00:00\",\"description\":\"El kit de erradicaci\u00f3n de termitas para el hogar es para personas que ya saben d\u00f3nde est\u00e1n las termitas alrededor de su hogar. Una vez que las termitas hayan comido todo el interior del cartucho de insecticida para el tratamiento de termitas, coloque un cartucho nuevo hasta que las termitas no regresen.\",\"breadcrumb\":{\"@id\":\"https:\/\/www.termites-solution.com\/es\/boutique\/kit-de-erradicacion-de-la-termitis\/#breadcrumb\"},\"inLanguage\":\"es\",\"potentialAction\":[{\"@type\":\"ReadAction\",\"target\":[\"https:\/\/www.termites-solution.com\/es\/boutique\/kit-de-erradicacion-de-la-termitis\/\"]}]},{\"@type\":\"ImageObject\",\"inLanguage\":\"es\",\"@id\":\"https:\/\/www.termites-solution.com\/es\/boutique\/kit-de-erradicacion-de-la-termitis\/#primaryimage\",\"url\":\"https:\/\/www.termites-solution.com\/wp-content\/uploads\/2019\/04\/kit-maison-eradication-termites-2.jpg\",\"contentUrl\":\"https:\/\/www.termites-solution.com\/wp-content\/uploads\/2019\/04\/kit-maison-eradication-termites-2.jpg\",\"width\":1280,\"height\":1029,\"caption\":\"Kit maison \u00e9radication termites x30\"},{\"@type\":\"BreadcrumbList\",\"@id\":\"https:\/\/www.termites-solution.com\/es\/boutique\/kit-de-erradicacion-de-la-termitis\/#breadcrumb\",\"itemListElement\":[{\"@type\":\"ListItem\",\"position\":1,\"name\":\"Accueil\",\"item\":\"https:\/\/www.termites-solution.com\/es\/\"},{\"@type\":\"ListItem\",\"position\":2,\"name\":\"Boutique\",\"item\":\"https:\/\/www.termites-solution.com\/boutique\/\"},{\"@type\":\"ListItem\",\"position\":3,\"name\":\"Kit de erradicaci\u00f3n de la termitis\"}]},{\"@type\":\"WebSite\",\"@id\":\"https:\/\/www.termites-solution.com\/es\/#website\",\"url\":\"https:\/\/www.termites-solution.com\/es\/\",\"name\":\"Termites Solution\",\"description\":\"Traitement puissant, simple et efficace\",\"publisher\":{\"@id\":\"https:\/\/www.termites-solution.com\/es\/#organization\"},\"potentialAction\":[{\"@type\":\"SearchAction\",\"target\":{\"@type\":\"EntryPoint\",\"urlTemplate\":\"https:\/\/www.termites-solution.com\/es\/?s={search_term_string}\"},\"query-input\":{\"@type\":\"PropertyValueSpecification\",\"valueRequired\":true,\"valueName\":\"search_term_string\"}}],\"inLanguage\":\"es\"},{\"@type\":\"Organization\",\"@id\":\"https:\/\/www.termites-solution.com\/es\/#organization\",\"name\":\"Termites Solution\",\"url\":\"https:\/\/www.termites-solution.com\/es\/\",\"logo\":{\"@type\":\"ImageObject\",\"inLanguage\":\"es\",\"@id\":\"https:\/\/www.termites-solution.com\/es\/#\/schema\/logo\/image\/\",\"url\":\"https:\/\/www.termites-solution.com\/wp-content\/uploads\/2018\/05\/logo-termites-solution.png\",\"contentUrl\":\"https:\/\/www.termites-solution.com\/wp-content\/uploads\/2018\/05\/logo-termites-solution.png\",\"width\":500,\"height\":146,\"caption\":\"Termites Solution\"},\"image\":{\"@id\":\"https:\/\/www.termites-solution.com\/es\/#\/schema\/logo\/image\/\"}}]}<\/script>\n<!-- \/ Yoast SEO plugin. -->","yoast_head_json":{"title":"Tratamiento de termitas - Destrucci\u00f3n de termitas - Erradicaci\u00f3n termitas","description":"El kit de erradicaci\u00f3n de termitas para el hogar es para personas que ya saben d\u00f3nde est\u00e1n las termitas alrededor de su hogar. Una vez que las termitas hayan comido todo el interior del cartucho de insecticida para el tratamiento de termitas, coloque un cartucho nuevo hasta que las termitas no regresen.","robots":{"index":"index","follow":"follow","max-snippet":"max-snippet:-1","max-image-preview":"max-image-preview:large","max-video-preview":"max-video-preview:-1"},"canonical":"https:\/\/www.termites-solution.com\/es\/boutique\/kit-de-erradicacion-de-la-termitis\/","og_locale":"es_ES","og_type":"article","og_title":"Tratamiento de termitas - Destrucci\u00f3n de termitas - Erradicaci\u00f3n termitas","og_description":"El kit de erradicaci\u00f3n de termitas para el hogar es para personas que ya saben d\u00f3nde est\u00e1n las termitas alrededor de su hogar. Una vez que las termitas hayan comido todo el interior del cartucho de insecticida para el tratamiento de termitas, coloque un cartucho nuevo hasta que las termitas no regresen.","og_url":"https:\/\/www.termites-solution.com\/es\/boutique\/kit-de-erradicacion-de-la-termitis\/","og_site_name":"Termites Solution","article_modified_time":"2021-04-19T20:19:25+00:00","og_image":[{"width":1280,"height":1029,"url":"https:\/\/www.termites-solution.com\/wp-content\/uploads\/2019\/04\/kit-maison-eradication-termites-2.jpg","type":"image\/jpeg"}],"twitter_card":"summary_large_image","twitter_misc":{"Tiempo de lectura":"3 minutos"},"schema":{"@context":"https:\/\/schema.org","@graph":[{"@type":"WebPage","@id":"https:\/\/www.termites-solution.com\/es\/boutique\/kit-de-erradicacion-de-la-termitis\/","url":"https:\/\/www.termites-solution.com\/es\/boutique\/kit-de-erradicacion-de-la-termitis\/","name":"Tratamiento de termitas - Destrucci\u00f3n de termitas - Erradicaci\u00f3n termitas","isPartOf":{"@id":"https:\/\/www.termites-solution.com\/es\/#website"},"primaryImageOfPage":{"@id":"https:\/\/www.termites-solution.com\/es\/boutique\/kit-de-erradicacion-de-la-termitis\/#primaryimage"},"image":{"@id":"https:\/\/www.termites-solution.com\/es\/boutique\/kit-de-erradicacion-de-la-termitis\/#primaryimage"},"thumbnailUrl":"https:\/\/www.termites-solution.com\/wp-content\/uploads\/2019\/04\/kit-maison-eradication-termites-2.jpg","datePublished":"2017-11-08T00:34:40+00:00","dateModified":"2021-04-19T20:19:25+00:00","description":"El kit de erradicaci\u00f3n de termitas para el hogar es para personas que ya saben d\u00f3nde est\u00e1n las termitas alrededor de su hogar. Una vez que las termitas hayan comido todo el interior del cartucho de insecticida para el tratamiento de termitas, coloque un cartucho nuevo hasta que las termitas no regresen.","breadcrumb":{"@id":"https:\/\/www.termites-solution.com\/es\/boutique\/kit-de-erradicacion-de-la-termitis\/#breadcrumb"},"inLanguage":"es","potentialAction":[{"@type":"ReadAction","target":["https:\/\/www.termites-solution.com\/es\/boutique\/kit-de-erradicacion-de-la-termitis\/"]}]},{"@type":"ImageObject","inLanguage":"es","@id":"https:\/\/www.termites-solution.com\/es\/boutique\/kit-de-erradicacion-de-la-termitis\/#primaryimage","url":"https:\/\/www.termites-solution.com\/wp-content\/uploads\/2019\/04\/kit-maison-eradication-termites-2.jpg","contentUrl":"https:\/\/www.termites-solution.com\/wp-content\/uploads\/2019\/04\/kit-maison-eradication-termites-2.jpg","width":1280,"height":1029,"caption":"Kit maison \u00e9radication termites x30"},{"@type":"BreadcrumbList","@id":"https:\/\/www.termites-solution.com\/es\/boutique\/kit-de-erradicacion-de-la-termitis\/#breadcrumb","itemListElement":[{"@type":"ListItem","position":1,"name":"Accueil","item":"https:\/\/www.termites-solution.com\/es\/"},{"@type":"ListItem","position":2,"name":"Boutique","item":"https:\/\/www.termites-solution.com\/boutique\/"},{"@type":"ListItem","position":3,"name":"Kit de erradicaci\u00f3n de la termitis"}]},{"@type":"WebSite","@id":"https:\/\/www.termites-solution.com\/es\/#website","url":"https:\/\/www.termites-solution.com\/es\/","name":"Termites Solution","description":"Traitement puissant, simple et efficace","publisher":{"@id":"https:\/\/www.termites-solution.com\/es\/#organization"},"potentialAction":[{"@type":"SearchAction","target":{"@type":"EntryPoint","urlTemplate":"https:\/\/www.termites-solution.com\/es\/?s={search_term_string}"},"query-input":{"@type":"PropertyValueSpecification","valueRequired":true,"valueName":"search_term_string"}}],"inLanguage":"es"},{"@type":"Organization","@id":"https:\/\/www.termites-solution.com\/es\/#organization","name":"Termites Solution","url":"https:\/\/www.termites-solution.com\/es\/","logo":{"@type":"ImageObject","inLanguage":"es","@id":"https:\/\/www.termites-solution.com\/es\/#\/schema\/logo\/image\/","url":"https:\/\/www.termites-solution.com\/wp-content\/uploads\/2018\/05\/logo-termites-solution.png","contentUrl":"https:\/\/www.termites-solution.com\/wp-content\/uploads\/2018\/05\/logo-termites-solution.png","width":500,"height":146,"caption":"Termites Solution"},"image":{"@id":"https:\/\/www.termites-solution.com\/es\/#\/schema\/logo\/image\/"}}]}},"_links":{"self":[{"href":"https:\/\/www.termites-solution.com\/es\/wp-json\/wp\/v2\/product\/720","targetHints":{"allow":["GET"]}}],"collection":[{"href":"https:\/\/www.termites-solution.com\/es\/wp-json\/wp\/v2\/product"}],"about":[{"href":"https:\/\/www.termites-solution.com\/es\/wp-json\/wp\/v2\/types\/product"}],"replies":[{"embeddable":true,"href":"https:\/\/www.termites-solution.com\/es\/wp-json\/wp\/v2\/comments?post=720"}],"wp:featuredmedia":[{"embeddable":true,"href":"https:\/\/www.termites-solution.com\/es\/wp-json\/wp\/v2\/media\/1331"}],"wp:attachment":[{"href":"https:\/\/www.termites-solution.com\/es\/wp-json\/wp\/v2\/media?parent=720"}],"wp:term":[{"taxonomy":"product_brand","embeddable":true,"href":"https:\/\/www.termites-solution.com\/es\/wp-json\/wp\/v2\/product_brand?post=720"},{"taxonomy":"product_cat","embeddable":true,"href":"https:\/\/www.termites-solution.com\/es\/wp-json\/wp\/v2\/product_cat?post=720"},{"taxonomy":"product_tag","embeddable":true,"href":"https:\/\/www.termites-solution.com\/es\/wp-json\/wp\/v2\/product_tag?post=720"}],"curies":[{"name":"wp","href":"https:\/\/api.w.org\/{rel}","templated":true}]}}