{"id":621,"date":"2019-01-18T11:14:48","date_gmt":"2019-01-18T10:14:48","guid":{"rendered":"https:\/\/www.termites-solution.com\/?page_id=621"},"modified":"2019-04-15T15:37:08","modified_gmt":"2019-04-15T13:37:08","slug":"traitement-anti-termites-pieges-et-cartouches-insecticides","status":"publish","type":"page","link":"https:\/\/www.termites-solution.com\/it\/","title":{"rendered":"Trattamento anti-termiti, trappole e cartucce di insetticidi"},"content":{"rendered":"<div class=\"wpb-content-wrapper\"><p>[vc_row][vc_column][vc_custom_heading text=&#8221;Trattamento anti termite, soluzione Termites spiega il comportamento delle termiti al fine di sradicarle&#8221; use_theme_fonts=&#8221;yes&#8221;][vc_column_text]Le termiti sono insetti xilofagi che vivono nel terreno. Sono in colonie gerarchiche e organizzate tra cui &#8220;soldati&#8221;, &#8220;lavoratori&#8221; e insetti sessuali per la riproduzione. Abbiamo un trattamento anti termite !![\/vc_column_text][vc_custom_heading text=&#8221;La termite, impara a riconoscerla&#8221; use_theme_fonts=&#8221;yes&#8221;][vc_column_text]Si trovano principalmente nei paesi caldi, le termiti sono talvolta chiamate &#8220;formiche bianche&#8221; da non confondere con le formiche carpentiere, che non hanno niente da fare.[\/vc_column_text][\/vc_column][\/vc_row][vc_row][vc_column width=&#8221;1\/2&#8243;][vc_single_image image=&#8221;622&#8243; img_size=&#8221;large&#8221;][\/vc_column][vc_column width=&#8221;1\/2&#8243;][vc_column_text]Ci sono principalmente 5 specie di termiti nell&#8217;Europa meridionale :<\/p>\n<ul>\n<li><strong>Lucifugo termite<\/strong> (reticulitermes lucifugus),<\/li>\n<li><strong>Termite di Saintonge<\/strong> (reticulitermes santonensis),<\/li>\n<li><strong>Termite dal collo giallo<\/strong> (Kalotermes flavicollis).<\/li>\n<li>Altre termiti nell&#8217;Europa meridionale<\/li>\n<\/ul>\n<p>Le termiti sono in grado di attraversare la muratura di edifici e case per venire ad attaccare il legno (telaio, travi, pavimento).<\/p>\n<p><strong>Hanno bisogno di nutrirsi di cellulosa:<\/strong><\/p>\n<p>Le termiti attaccano tutti i tipi di legno eccetto alcuni legni esotici.<br \/>\nUn&#8217;infestazione di termiti inizia nella parte inferiore dell&#8217;edificio.<br \/>\nDiverse regioni in Europa sono colpite dalle termiti.[\/vc_column_text][\/vc_column][\/vc_row][vc_row][vc_column width=&#8221;1\/2&#8243;][vc_custom_heading text=&#8221;Come dire se la tua casa \u00e8 infestata da termiti?&#8221; use_theme_fonts=&#8221;yes&#8221;][vc_column_text]Il problema con le termiti \u00e8 che sono molto difficili da rilevare perch\u00e9 non producono rumore e non producono segatura.<\/p>\n<p>Questo \u00e8 contrario agli insetti con larve xilofaghe.<\/p>\n<p>D&#8217;altra parte, i fori a intervalli regolari (i fori di uscita delle termiti diventano adulti) possono provare la presenza di termiti.[\/vc_column_text][\/vc_column][vc_column width=&#8221;1\/2&#8243;][vc_single_image image=&#8221;531&#8243; img_size=&#8221;large&#8221;][\/vc_column][\/vc_row][vc_row][vc_column][vc_custom_heading text=&#8221;Trattamento preventivo&#8221; font_container=&#8221;tag:h3|text_align:left&#8221; use_theme_fonts=&#8221;yes&#8221;][vc_column_text]Nelle aree in cui la presenza di termiti \u00e8 un rischio permanente e se l&#8217;edificio non \u00e8 infestato, \u00e8 utile implementare una protezione degli edifici (trattamento preventivo). Trattamento anti termite.<\/p>\n<p>Ci\u00f2 creando una barriera insetticida soprattutto al piano terra e a tutti i livelli di compropriet\u00e0 per il legno strutturale.<\/p>\n<p>Le trappole dell&#8217;esca non sono tecnologie di trattamento preventivo.<\/p>\n<p>D&#8217;altra parte pu\u00f2 essere utile implementarle per garantire un monitoraggio regolare dell&#8217;edificio.[\/vc_column_text][vc_basic_grid post_type=&#8221;product&#8221; max_items=&#8221;2&#8243; element_width=&#8221;6&#8243; item=&#8221;142&#8243; grid_id=&#8221;vc_gid:1555335321360-da11ca38-1a36-9&#8243; exclude=&#8221;781, 690&#8243;][\/vc_column][\/vc_row][vc_row][vc_column][vc_custom_heading text=&#8221;Legno termiti: trattamento curativo&#8221; font_container=&#8221;tag:h3|text_align:left&#8221; use_theme_fonts=&#8221;yes&#8221;][vc_column_text]Le termiti colonizzano scantinati scavando gallerie. In questo modo possono teoricamente attaccare la tua casa da tutti i lati, anche se le aree bagnate o meno esposte al sole sono pi\u00f9 adatte.<\/p>\n<p>Il primo passo \u00e8 determinare dove si trovano le termiti intorno a casa tua.<\/p>\n<p>Le stazioni di rilevamento della termite devono essere posizionate ogni 2,5 o 3 metri intorno alla casa e a circa 1 metro di distanza da casa.<\/p>\n<p>Per una casa classica, ci vorranno tra 20 e 30 trappole anti trattamento delle termiti.[\/vc_column_text][vc_basic_grid post_type=&#8221;product&#8221; max_items=&#8221;2&#8243; element_width=&#8221;6&#8243; item=&#8221;142&#8243; grid_id=&#8221;vc_gid:1555335343515-cfa6f2ab-f575-10&#8243; exclude=&#8221;793, 714&#8243;][\/vc_column][\/vc_row]<\/p>\n<\/div>","protected":false},"excerpt":{"rendered":"<p>[vc_row][vc_column][vc_custom_heading text=&#8221;Trattamento anti termite, soluzione Termites spiega il comportamento delle termiti al fine di sradicarle&#8221; use_theme_fonts=&#8221;yes&#8221;][vc_column_text]Le termiti sono insetti xilofagi che vivono nel terreno. Sono in colonie gerarchiche e organizzate tra cui &#8220;soldati&#8221;, &#8220;lavoratori&#8221; e insetti sessuali per la riproduzione. Abbiamo un trattamento anti termite !![\/vc_column_text][vc_custom_heading text=&#8221;La termite, impara a riconoscerla&#8221; use_theme_fonts=&#8221;yes&#8221;][vc_column_text]Si trovano principalmente nei [&hellip;]<\/p>\n","protected":false},"author":1,"featured_media":531,"parent":0,"menu_order":0,"comment_status":"closed","ping_status":"open","template":"template-fullwidth.php","meta":{"footnotes":""},"class_list":["post-621","page","type-page","status-publish","has-post-thumbnail","hentry"],"yoast_head":"<!-- This site is optimized with the Yoast SEO plugin v27.4 - https:\/\/yoast.com\/product\/yoast-seo-wordpress\/ -->\n<title>Traitement anti termites - Kits et pi\u00e8ges anti termites \u00e0 partir de 120 \u20ac<\/title>\n<meta name=\"description\" content=\"Termites Solution est un site de vente de traitement anti termite. Nous vous proposons la vente de pi\u00e8ges pour d\u00e9tecter et d&#039;\u00e9radiquer les termites.\" \/>\n<meta name=\"robots\" content=\"index, follow, max-snippet:-1, max-image-preview:large, max-video-preview:-1\" \/>\n<link rel=\"canonical\" href=\"https:\/\/www.termites-solution.com\/it\/\" \/>\n<meta property=\"og:locale\" content=\"it_IT\" \/>\n<meta property=\"og:type\" content=\"article\" \/>\n<meta property=\"og:title\" content=\"Traitement anti termites - Kits et pi\u00e8ges anti termites \u00e0 partir de 120 \u20ac\" \/>\n<meta property=\"og:description\" content=\"Termites Solution est un site de vente de traitement anti termite. Nous vous proposons la vente de pi\u00e8ges pour d\u00e9tecter et d&#039;\u00e9radiquer les termites.\" \/>\n<meta property=\"og:url\" content=\"https:\/\/www.termites-solution.com\/it\/\" \/>\n<meta property=\"og:site_name\" content=\"Termites Solution\" \/>\n<meta property=\"article:modified_time\" content=\"2019-04-15T13:37:08+00:00\" \/>\n<meta name=\"twitter:card\" content=\"summary_large_image\" \/>\n<meta name=\"twitter:label1\" content=\"Tempo di lettura stimato\" \/>\n\t<meta name=\"twitter:data1\" content=\"3 minuti\" \/>\n<script type=\"application\/ld+json\" class=\"yoast-schema-graph\">{\"@context\":\"https:\\\/\\\/schema.org\",\"@graph\":[{\"@type\":\"WebPage\",\"@id\":\"https:\\\/\\\/www.termites-solution.com\\\/it\\\/\",\"url\":\"https:\\\/\\\/www.termites-solution.com\\\/it\\\/\",\"name\":\"Traitement anti termites - Kits et pi\u00e8ges anti termites \u00e0 partir de 120 \u20ac\",\"isPartOf\":{\"@id\":\"https:\\\/\\\/www.termites-solution.com\\\/it\\\/#website\"},\"primaryImageOfPage\":{\"@id\":\"https:\\\/\\\/www.termites-solution.com\\\/it\\\/#primaryimage\"},\"image\":{\"@id\":\"https:\\\/\\\/www.termites-solution.com\\\/it\\\/#primaryimage\"},\"thumbnailUrl\":\"https:\\\/\\\/www.termites-solution.com\\\/wp-content\\\/uploads\\\/2017\\\/11\\\/termites-en-action.jpg\",\"datePublished\":\"2019-01-18T10:14:48+00:00\",\"dateModified\":\"2019-04-15T13:37:08+00:00\",\"description\":\"Termites Solution est un site de vente de traitement anti termite. Nous vous proposons la vente de pi\u00e8ges pour d\u00e9tecter et d'\u00e9radiquer les termites.\",\"breadcrumb\":{\"@id\":\"https:\\\/\\\/www.termites-solution.com\\\/it\\\/#breadcrumb\"},\"inLanguage\":\"it-IT\",\"potentialAction\":[{\"@type\":\"ReadAction\",\"target\":[\"https:\\\/\\\/www.termites-solution.com\\\/it\\\/\"]}]},{\"@type\":\"ImageObject\",\"inLanguage\":\"it-IT\",\"@id\":\"https:\\\/\\\/www.termites-solution.com\\\/it\\\/#primaryimage\",\"url\":\"https:\\\/\\\/www.termites-solution.com\\\/wp-content\\\/uploads\\\/2017\\\/11\\\/termites-en-action.jpg\",\"contentUrl\":\"https:\\\/\\\/www.termites-solution.com\\\/wp-content\\\/uploads\\\/2017\\\/11\\\/termites-en-action.jpg\",\"width\":1200,\"height\":800,\"caption\":\"Produits anti termites\"},{\"@type\":\"BreadcrumbList\",\"@id\":\"https:\\\/\\\/www.termites-solution.com\\\/it\\\/#breadcrumb\",\"itemListElement\":[{\"@type\":\"ListItem\",\"position\":1,\"name\":\"Accueil\",\"item\":\"https:\\\/\\\/www.termites-solution.com\\\/it\\\/\"},{\"@type\":\"ListItem\",\"position\":2,\"name\":\"Trattamento anti-termiti, trappole e cartucce di insetticidi\"}]},{\"@type\":\"WebSite\",\"@id\":\"https:\\\/\\\/www.termites-solution.com\\\/it\\\/#website\",\"url\":\"https:\\\/\\\/www.termites-solution.com\\\/it\\\/\",\"name\":\"Termites Solution\",\"description\":\"Traitement puissant, simple et efficace\",\"publisher\":{\"@id\":\"https:\\\/\\\/www.termites-solution.com\\\/it\\\/#organization\"},\"potentialAction\":[{\"@type\":\"SearchAction\",\"target\":{\"@type\":\"EntryPoint\",\"urlTemplate\":\"https:\\\/\\\/www.termites-solution.com\\\/it\\\/?s={search_term_string}\"},\"query-input\":{\"@type\":\"PropertyValueSpecification\",\"valueRequired\":true,\"valueName\":\"search_term_string\"}}],\"inLanguage\":\"it-IT\"},{\"@type\":\"Organization\",\"@id\":\"https:\\\/\\\/www.termites-solution.com\\\/it\\\/#organization\",\"name\":\"Termites Solution\",\"url\":\"https:\\\/\\\/www.termites-solution.com\\\/it\\\/\",\"logo\":{\"@type\":\"ImageObject\",\"inLanguage\":\"it-IT\",\"@id\":\"https:\\\/\\\/www.termites-solution.com\\\/it\\\/#\\\/schema\\\/logo\\\/image\\\/\",\"url\":\"https:\\\/\\\/www.termites-solution.com\\\/wp-content\\\/uploads\\\/2018\\\/05\\\/logo-termites-solution.png\",\"contentUrl\":\"https:\\\/\\\/www.termites-solution.com\\\/wp-content\\\/uploads\\\/2018\\\/05\\\/logo-termites-solution.png\",\"width\":500,\"height\":146,\"caption\":\"Termites Solution\"},\"image\":{\"@id\":\"https:\\\/\\\/www.termites-solution.com\\\/it\\\/#\\\/schema\\\/logo\\\/image\\\/\"}}]}<\/script>\n<!-- \/ Yoast SEO plugin. -->","yoast_head_json":{"title":"Traitement anti termites - Kits et pi\u00e8ges anti termites \u00e0 partir de 120 \u20ac","description":"Termites Solution est un site de vente de traitement anti termite. Nous vous proposons la vente de pi\u00e8ges pour d\u00e9tecter et d'\u00e9radiquer les termites.","robots":{"index":"index","follow":"follow","max-snippet":"max-snippet:-1","max-image-preview":"max-image-preview:large","max-video-preview":"max-video-preview:-1"},"canonical":"https:\/\/www.termites-solution.com\/it\/","og_locale":"it_IT","og_type":"article","og_title":"Traitement anti termites - Kits et pi\u00e8ges anti termites \u00e0 partir de 120 \u20ac","og_description":"Termites Solution est un site de vente de traitement anti termite. Nous vous proposons la vente de pi\u00e8ges pour d\u00e9tecter et d'\u00e9radiquer les termites.","og_url":"https:\/\/www.termites-solution.com\/it\/","og_site_name":"Termites Solution","article_modified_time":"2019-04-15T13:37:08+00:00","twitter_card":"summary_large_image","twitter_misc":{"Tempo di lettura stimato":"3 minuti"},"schema":{"@context":"https:\/\/schema.org","@graph":[{"@type":"WebPage","@id":"https:\/\/www.termites-solution.com\/it\/","url":"https:\/\/www.termites-solution.com\/it\/","name":"Traitement anti termites - Kits et pi\u00e8ges anti termites \u00e0 partir de 120 \u20ac","isPartOf":{"@id":"https:\/\/www.termites-solution.com\/it\/#website"},"primaryImageOfPage":{"@id":"https:\/\/www.termites-solution.com\/it\/#primaryimage"},"image":{"@id":"https:\/\/www.termites-solution.com\/it\/#primaryimage"},"thumbnailUrl":"https:\/\/www.termites-solution.com\/wp-content\/uploads\/2017\/11\/termites-en-action.jpg","datePublished":"2019-01-18T10:14:48+00:00","dateModified":"2019-04-15T13:37:08+00:00","description":"Termites Solution est un site de vente de traitement anti termite. Nous vous proposons la vente de pi\u00e8ges pour d\u00e9tecter et d'\u00e9radiquer les termites.","breadcrumb":{"@id":"https:\/\/www.termites-solution.com\/it\/#breadcrumb"},"inLanguage":"it-IT","potentialAction":[{"@type":"ReadAction","target":["https:\/\/www.termites-solution.com\/it\/"]}]},{"@type":"ImageObject","inLanguage":"it-IT","@id":"https:\/\/www.termites-solution.com\/it\/#primaryimage","url":"https:\/\/www.termites-solution.com\/wp-content\/uploads\/2017\/11\/termites-en-action.jpg","contentUrl":"https:\/\/www.termites-solution.com\/wp-content\/uploads\/2017\/11\/termites-en-action.jpg","width":1200,"height":800,"caption":"Produits anti termites"},{"@type":"BreadcrumbList","@id":"https:\/\/www.termites-solution.com\/it\/#breadcrumb","itemListElement":[{"@type":"ListItem","position":1,"name":"Accueil","item":"https:\/\/www.termites-solution.com\/it\/"},{"@type":"ListItem","position":2,"name":"Trattamento anti-termiti, trappole e cartucce di insetticidi"}]},{"@type":"WebSite","@id":"https:\/\/www.termites-solution.com\/it\/#website","url":"https:\/\/www.termites-solution.com\/it\/","name":"Termites Solution","description":"Traitement puissant, simple et efficace","publisher":{"@id":"https:\/\/www.termites-solution.com\/it\/#organization"},"potentialAction":[{"@type":"SearchAction","target":{"@type":"EntryPoint","urlTemplate":"https:\/\/www.termites-solution.com\/it\/?s={search_term_string}"},"query-input":{"@type":"PropertyValueSpecification","valueRequired":true,"valueName":"search_term_string"}}],"inLanguage":"it-IT"},{"@type":"Organization","@id":"https:\/\/www.termites-solution.com\/it\/#organization","name":"Termites Solution","url":"https:\/\/www.termites-solution.com\/it\/","logo":{"@type":"ImageObject","inLanguage":"it-IT","@id":"https:\/\/www.termites-solution.com\/it\/#\/schema\/logo\/image\/","url":"https:\/\/www.termites-solution.com\/wp-content\/uploads\/2018\/05\/logo-termites-solution.png","contentUrl":"https:\/\/www.termites-solution.com\/wp-content\/uploads\/2018\/05\/logo-termites-solution.png","width":500,"height":146,"caption":"Termites Solution"},"image":{"@id":"https:\/\/www.termites-solution.com\/it\/#\/schema\/logo\/image\/"}}]}},"_links":{"self":[{"href":"https:\/\/www.termites-solution.com\/it\/wp-json\/wp\/v2\/pages\/621","targetHints":{"allow":["GET"]}}],"collection":[{"href":"https:\/\/www.termites-solution.com\/it\/wp-json\/wp\/v2\/pages"}],"about":[{"href":"https:\/\/www.termites-solution.com\/it\/wp-json\/wp\/v2\/types\/page"}],"author":[{"embeddable":true,"href":"https:\/\/www.termites-solution.com\/it\/wp-json\/wp\/v2\/users\/1"}],"replies":[{"embeddable":true,"href":"https:\/\/www.termites-solution.com\/it\/wp-json\/wp\/v2\/comments?post=621"}],"version-history":[{"count":0,"href":"https:\/\/www.termites-solution.com\/it\/wp-json\/wp\/v2\/pages\/621\/revisions"}],"wp:featuredmedia":[{"embeddable":true,"href":"https:\/\/www.termites-solution.com\/it\/wp-json\/wp\/v2\/media\/531"}],"wp:attachment":[{"href":"https:\/\/www.termites-solution.com\/it\/wp-json\/wp\/v2\/media?parent=621"}],"curies":[{"name":"wp","href":"https:\/\/api.w.org\/{rel}","templated":true}]}}