{"id":637,"date":"2019-01-18T11:33:40","date_gmt":"2019-01-18T10:33:40","guid":{"rendered":"https:\/\/www.termites-solution.com\/?page_id=637"},"modified":"2019-04-15T15:13:51","modified_gmt":"2019-04-15T13:13:51","slug":"vendita-di-prodotti-anti-termiti","status":"publish","type":"page","link":"https:\/\/www.termites-solution.com\/it\/vendita-di-prodotti-anti-termiti\/","title":{"rendered":"Vendita di prodotti anti termiti"},"content":{"rendered":"<div class=\"wpb-content-wrapper\"><p>[vc_row][vc_column][vc_custom_heading text=&#8221;Termites Solution la solution anti termites&#8221; font_container=&#8221;tag:h1|text_align:left&#8221; use_theme_fonts=&#8221;yes&#8221;][vc_row_inner][vc_column_inner width=&#8221;2\/3&#8243;][vc_column_text]Termites solution est sp\u00e9cialis\u00e9 dans la\u00a0vente de produit anti termites. Ci-dessous nous vous proposons deux kits anti termites de grande efficacit\u00e9 afin de d\u00e9tecter et\u00a0d\u2019\u00e9radiquer les termites dans vos maisons. Nos produits sont faciles d&#8217;utilisation et notre\u00a0offre de\u00a0prix est\u00a0tr\u00e8s comp\u00e9titif. Nous sommes en moyenne moitie moins cher que nos concurrents.<\/p>\n<p>Le\u00a0<a href=\"https:\/\/www.termites-solution.com\/boutique\/kit-maison-detection-et-eradication-des-termites\/\" rel=\"noopener noreferrer\">Kit maison d\u00e9tection et \u00e9radication des termites<\/a>\u00a0est destin\u00e9 aux personnes qui doivent prot\u00e9ger leur maison des termites. Il permet de\u00a0d\u00e9tecter les lieux d\u2019infection et d\u2019\u00e9radiquer la ou les colonies de termites.<\/p>\n<p>Alors que le\u00a0<a href=\"https:\/\/www.termites-solution.com\/boutique\/kit-maison-eradication-termites\/\" rel=\"noopener noreferrer\">Kit maison \u00e9radication termites<\/a>\u00a0est destin\u00e9 aux personnes qui savent d\u00e9j\u00e0\u00a0ou se trouve les termites autour de leur maison. Les\u00a0cartouches d\u2019insecticide sont pr\u00eates \u00e0 l\u2019emploi et contiennent un insecticide performant.[\/vc_column_text][\/vc_column_inner][vc_column_inner width=&#8221;1\/3&#8243;][vc_single_image image=&#8221;535&#8243; img_size=&#8221;medium&#8221; onclick=&#8221;link_image&#8221;][\/vc_column_inner][\/vc_row_inner][vc_custom_heading text=&#8221;Scopri i nostri articoli anti termiti&#8221; use_theme_fonts=&#8221;yes&#8221;][vc_row_inner][vc_column_inner][vc_basic_grid post_type=&#8221;product&#8221; max_items=&#8221;4&#8243; element_width=&#8221;6&#8243; item=&#8221;142&#8243; grid_id=&#8221;vc_gid:1555334019424-5c10813a-9103-8&#8243;][\/vc_column_inner][\/vc_row_inner][\/vc_column][\/vc_row]<\/p>\n<\/div>","protected":false},"excerpt":{"rendered":"<p>[vc_row][vc_column][vc_custom_heading text=&#8221;Termites Solution la solution anti termites&#8221; font_container=&#8221;tag:h1|text_align:left&#8221; use_theme_fonts=&#8221;yes&#8221;][vc_row_inner][vc_column_inner width=&#8221;2\/3&#8243;][vc_column_text]Termites solution est sp\u00e9cialis\u00e9 dans la\u00a0vente de produit anti termites. Ci-dessous nous vous proposons deux kits anti termites de grande efficacit\u00e9 afin de d\u00e9tecter et\u00a0d\u2019\u00e9radiquer les termites dans vos maisons. Nos produits sont faciles d&#8217;utilisation et notre\u00a0offre de\u00a0prix est\u00a0tr\u00e8s comp\u00e9titif. Nous sommes en moyenne moitie moins [&hellip;]<\/p>\n","protected":false},"author":1,"featured_media":531,"parent":0,"menu_order":0,"comment_status":"closed","ping_status":"closed","template":"template-fullwidth-no-title.php","meta":{"footnotes":""},"class_list":["post-637","page","type-page","status-publish","has-post-thumbnail","hentry"],"yoast_head":"<!-- This site is optimized with the Yoast SEO plugin v27.1.1 - https:\/\/yoast.com\/product\/yoast-seo-wordpress\/ -->\n<title>Vendita prodotti anti termite in Italia - Termites Solution<\/title>\n<meta name=\"description\" content=\"Vendita di anti-termite, trappole per termiti e cartucce di trattamento. Inizia ora a trattare le tue case contro le termiti.\" \/>\n<meta name=\"robots\" content=\"index, follow, max-snippet:-1, max-image-preview:large, max-video-preview:-1\" \/>\n<link rel=\"canonical\" href=\"https:\/\/www.termites-solution.com\/it\/vendita-di-prodotti-anti-termiti\/\" \/>\n<meta property=\"og:locale\" content=\"it_IT\" \/>\n<meta property=\"og:type\" content=\"article\" \/>\n<meta property=\"og:title\" content=\"Vendita prodotti anti termite in Italia - Termites Solution\" \/>\n<meta property=\"og:description\" content=\"Vendita di anti-termite, trappole per termiti e cartucce di trattamento. Inizia ora a trattare le tue case contro le termiti.\" \/>\n<meta property=\"og:url\" content=\"https:\/\/www.termites-solution.com\/it\/vendita-di-prodotti-anti-termiti\/\" \/>\n<meta property=\"og:site_name\" content=\"Termites Solution\" \/>\n<meta property=\"article:modified_time\" content=\"2019-04-15T13:13:51+00:00\" \/>\n<meta name=\"twitter:card\" content=\"summary_large_image\" \/>\n<meta name=\"twitter:label1\" content=\"Tempo di lettura stimato\" \/>\n\t<meta name=\"twitter:data1\" content=\"1 minuto\" \/>\n<script type=\"application\/ld+json\" class=\"yoast-schema-graph\">{\"@context\":\"https:\/\/schema.org\",\"@graph\":[{\"@type\":\"WebPage\",\"@id\":\"https:\/\/www.termites-solution.com\/it\/vendita-di-prodotti-anti-termiti\/\",\"url\":\"https:\/\/www.termites-solution.com\/it\/vendita-di-prodotti-anti-termiti\/\",\"name\":\"Vendita prodotti anti termite in Italia - Termites Solution\",\"isPartOf\":{\"@id\":\"https:\/\/www.termites-solution.com\/it\/#website\"},\"primaryImageOfPage\":{\"@id\":\"https:\/\/www.termites-solution.com\/it\/vendita-di-prodotti-anti-termiti\/#primaryimage\"},\"image\":{\"@id\":\"https:\/\/www.termites-solution.com\/it\/vendita-di-prodotti-anti-termiti\/#primaryimage\"},\"thumbnailUrl\":\"https:\/\/www.termites-solution.com\/wp-content\/uploads\/2017\/11\/termites-en-action.jpg\",\"datePublished\":\"2019-01-18T10:33:40+00:00\",\"dateModified\":\"2019-04-15T13:13:51+00:00\",\"description\":\"Vendita di anti-termite, trappole per termiti e cartucce di trattamento. Inizia ora a trattare le tue case contro le termiti.\",\"breadcrumb\":{\"@id\":\"https:\/\/www.termites-solution.com\/it\/vendita-di-prodotti-anti-termiti\/#breadcrumb\"},\"inLanguage\":\"it-IT\",\"potentialAction\":[{\"@type\":\"ReadAction\",\"target\":[\"https:\/\/www.termites-solution.com\/it\/vendita-di-prodotti-anti-termiti\/\"]}]},{\"@type\":\"ImageObject\",\"inLanguage\":\"it-IT\",\"@id\":\"https:\/\/www.termites-solution.com\/it\/vendita-di-prodotti-anti-termiti\/#primaryimage\",\"url\":\"https:\/\/www.termites-solution.com\/wp-content\/uploads\/2017\/11\/termites-en-action.jpg\",\"contentUrl\":\"https:\/\/www.termites-solution.com\/wp-content\/uploads\/2017\/11\/termites-en-action.jpg\",\"width\":1200,\"height\":800,\"caption\":\"Produits anti termites\"},{\"@type\":\"BreadcrumbList\",\"@id\":\"https:\/\/www.termites-solution.com\/it\/vendita-di-prodotti-anti-termiti\/#breadcrumb\",\"itemListElement\":[{\"@type\":\"ListItem\",\"position\":1,\"name\":\"Accueil\",\"item\":\"https:\/\/www.termites-solution.com\/it\/\"},{\"@type\":\"ListItem\",\"position\":2,\"name\":\"Vendita di prodotti anti termiti\"}]},{\"@type\":\"WebSite\",\"@id\":\"https:\/\/www.termites-solution.com\/it\/#website\",\"url\":\"https:\/\/www.termites-solution.com\/it\/\",\"name\":\"Termites Solution\",\"description\":\"Traitement puissant, simple et efficace\",\"publisher\":{\"@id\":\"https:\/\/www.termites-solution.com\/it\/#organization\"},\"potentialAction\":[{\"@type\":\"SearchAction\",\"target\":{\"@type\":\"EntryPoint\",\"urlTemplate\":\"https:\/\/www.termites-solution.com\/it\/?s={search_term_string}\"},\"query-input\":{\"@type\":\"PropertyValueSpecification\",\"valueRequired\":true,\"valueName\":\"search_term_string\"}}],\"inLanguage\":\"it-IT\"},{\"@type\":\"Organization\",\"@id\":\"https:\/\/www.termites-solution.com\/it\/#organization\",\"name\":\"Termites Solution\",\"url\":\"https:\/\/www.termites-solution.com\/it\/\",\"logo\":{\"@type\":\"ImageObject\",\"inLanguage\":\"it-IT\",\"@id\":\"https:\/\/www.termites-solution.com\/it\/#\/schema\/logo\/image\/\",\"url\":\"https:\/\/www.termites-solution.com\/wp-content\/uploads\/2018\/05\/logo-termites-solution.png\",\"contentUrl\":\"https:\/\/www.termites-solution.com\/wp-content\/uploads\/2018\/05\/logo-termites-solution.png\",\"width\":500,\"height\":146,\"caption\":\"Termites Solution\"},\"image\":{\"@id\":\"https:\/\/www.termites-solution.com\/it\/#\/schema\/logo\/image\/\"}}]}<\/script>\n<!-- \/ Yoast SEO plugin. -->","yoast_head_json":{"title":"Vendita prodotti anti termite in Italia - Termites Solution","description":"Vendita di anti-termite, trappole per termiti e cartucce di trattamento. Inizia ora a trattare le tue case contro le termiti.","robots":{"index":"index","follow":"follow","max-snippet":"max-snippet:-1","max-image-preview":"max-image-preview:large","max-video-preview":"max-video-preview:-1"},"canonical":"https:\/\/www.termites-solution.com\/it\/vendita-di-prodotti-anti-termiti\/","og_locale":"it_IT","og_type":"article","og_title":"Vendita prodotti anti termite in Italia - Termites Solution","og_description":"Vendita di anti-termite, trappole per termiti e cartucce di trattamento. Inizia ora a trattare le tue case contro le termiti.","og_url":"https:\/\/www.termites-solution.com\/it\/vendita-di-prodotti-anti-termiti\/","og_site_name":"Termites Solution","article_modified_time":"2019-04-15T13:13:51+00:00","twitter_card":"summary_large_image","twitter_misc":{"Tempo di lettura stimato":"1 minuto"},"schema":{"@context":"https:\/\/schema.org","@graph":[{"@type":"WebPage","@id":"https:\/\/www.termites-solution.com\/it\/vendita-di-prodotti-anti-termiti\/","url":"https:\/\/www.termites-solution.com\/it\/vendita-di-prodotti-anti-termiti\/","name":"Vendita prodotti anti termite in Italia - Termites Solution","isPartOf":{"@id":"https:\/\/www.termites-solution.com\/it\/#website"},"primaryImageOfPage":{"@id":"https:\/\/www.termites-solution.com\/it\/vendita-di-prodotti-anti-termiti\/#primaryimage"},"image":{"@id":"https:\/\/www.termites-solution.com\/it\/vendita-di-prodotti-anti-termiti\/#primaryimage"},"thumbnailUrl":"https:\/\/www.termites-solution.com\/wp-content\/uploads\/2017\/11\/termites-en-action.jpg","datePublished":"2019-01-18T10:33:40+00:00","dateModified":"2019-04-15T13:13:51+00:00","description":"Vendita di anti-termite, trappole per termiti e cartucce di trattamento. Inizia ora a trattare le tue case contro le termiti.","breadcrumb":{"@id":"https:\/\/www.termites-solution.com\/it\/vendita-di-prodotti-anti-termiti\/#breadcrumb"},"inLanguage":"it-IT","potentialAction":[{"@type":"ReadAction","target":["https:\/\/www.termites-solution.com\/it\/vendita-di-prodotti-anti-termiti\/"]}]},{"@type":"ImageObject","inLanguage":"it-IT","@id":"https:\/\/www.termites-solution.com\/it\/vendita-di-prodotti-anti-termiti\/#primaryimage","url":"https:\/\/www.termites-solution.com\/wp-content\/uploads\/2017\/11\/termites-en-action.jpg","contentUrl":"https:\/\/www.termites-solution.com\/wp-content\/uploads\/2017\/11\/termites-en-action.jpg","width":1200,"height":800,"caption":"Produits anti termites"},{"@type":"BreadcrumbList","@id":"https:\/\/www.termites-solution.com\/it\/vendita-di-prodotti-anti-termiti\/#breadcrumb","itemListElement":[{"@type":"ListItem","position":1,"name":"Accueil","item":"https:\/\/www.termites-solution.com\/it\/"},{"@type":"ListItem","position":2,"name":"Vendita di prodotti anti termiti"}]},{"@type":"WebSite","@id":"https:\/\/www.termites-solution.com\/it\/#website","url":"https:\/\/www.termites-solution.com\/it\/","name":"Termites Solution","description":"Traitement puissant, simple et efficace","publisher":{"@id":"https:\/\/www.termites-solution.com\/it\/#organization"},"potentialAction":[{"@type":"SearchAction","target":{"@type":"EntryPoint","urlTemplate":"https:\/\/www.termites-solution.com\/it\/?s={search_term_string}"},"query-input":{"@type":"PropertyValueSpecification","valueRequired":true,"valueName":"search_term_string"}}],"inLanguage":"it-IT"},{"@type":"Organization","@id":"https:\/\/www.termites-solution.com\/it\/#organization","name":"Termites Solution","url":"https:\/\/www.termites-solution.com\/it\/","logo":{"@type":"ImageObject","inLanguage":"it-IT","@id":"https:\/\/www.termites-solution.com\/it\/#\/schema\/logo\/image\/","url":"https:\/\/www.termites-solution.com\/wp-content\/uploads\/2018\/05\/logo-termites-solution.png","contentUrl":"https:\/\/www.termites-solution.com\/wp-content\/uploads\/2018\/05\/logo-termites-solution.png","width":500,"height":146,"caption":"Termites Solution"},"image":{"@id":"https:\/\/www.termites-solution.com\/it\/#\/schema\/logo\/image\/"}}]}},"_links":{"self":[{"href":"https:\/\/www.termites-solution.com\/it\/wp-json\/wp\/v2\/pages\/637","targetHints":{"allow":["GET"]}}],"collection":[{"href":"https:\/\/www.termites-solution.com\/it\/wp-json\/wp\/v2\/pages"}],"about":[{"href":"https:\/\/www.termites-solution.com\/it\/wp-json\/wp\/v2\/types\/page"}],"author":[{"embeddable":true,"href":"https:\/\/www.termites-solution.com\/it\/wp-json\/wp\/v2\/users\/1"}],"replies":[{"embeddable":true,"href":"https:\/\/www.termites-solution.com\/it\/wp-json\/wp\/v2\/comments?post=637"}],"version-history":[{"count":0,"href":"https:\/\/www.termites-solution.com\/it\/wp-json\/wp\/v2\/pages\/637\/revisions"}],"wp:featuredmedia":[{"embeddable":true,"href":"https:\/\/www.termites-solution.com\/it\/wp-json\/wp\/v2\/media\/531"}],"wp:attachment":[{"href":"https:\/\/www.termites-solution.com\/it\/wp-json\/wp\/v2\/media?parent=637"}],"curies":[{"name":"wp","href":"https:\/\/api.w.org\/{rel}","templated":true}]}}