{"id":641,"date":"2017-11-08T01:47:02","date_gmt":"2017-11-08T00:47:02","guid":{"rendered":"https:\/\/www.termites-solution.com\/boutique\/kit-maison-detection-et-eradication-des-termites\/"},"modified":"2019-12-05T10:31:18","modified_gmt":"2019-12-05T09:31:18","slug":"kit-di-casa-per-la-rilevazione-e-l-eradicazione-della-termite","status":"publish","type":"product","link":"https:\/\/www.termites-solution.com\/it\/boutique\/kit-di-casa-per-la-rilevazione-e-l-eradicazione-della-termite\/","title":{"rendered":"KIT DI CASA PER LA RILEVAZIONE E L\u2019 ERADICAZIONE DELLA TERMITE"},"content":{"rendered":"<div class=\"wpb-content-wrapper\"><p>[vc_row][vc_column][vc_custom_heading text=&#8221;Spiegazione del nostro kit per la rilevazione e l&#8217;eradicazione della termite domestica&#8221; use_theme_fonts=&#8221;yes&#8221;][vc_column_text]Questo kit per la rilevazione e l&#8217;eradicazione della termiti \u00e8 per le persone che hanno bisogno di proteggere le loro case dalle termiti.<\/p>\n<p>\u00c8 in grado di rilevare i luoghi di infezione e sradicare le colonie di termiti.<\/p>\n<p>Questo kit consente anche il monitoraggio a lungo termine di nuove invasioni da parte di altre colonie di termiti.[\/vc_column_text][vc_custom_heading text=&#8221;Di seguito sono riportati i passaggi da seguire per utilizzare il kit di casa per la rilevamento e l\u2019eradicazione della termite&#8221; font_container=&#8221;tag:h3|text_align:left&#8221; use_theme_fonts=&#8221;yes&#8221;][vc_row_inner][vc_column_inner width=&#8221;1\/4&#8243;][vc_single_image image=&#8221;573&#8243; img_size=&#8221;large&#8221; onclick=&#8221;link_image&#8221;][\/vc_column_inner][vc_column_inner width=&#8221;1\/4&#8243;][vc_column_text]1 \/ Prendere una piccola pala o un altro attrezzo da giardinaggio per scavare una buca per la sepoltura della trappole della termiti. Questo foro dovrebbe essere largo 6 cm per 23 cm di profondit\u00e0.[\/vc_column_text][\/vc_column_inner][vc_column_inner width=&#8221;1\/4&#8243;][vc_single_image image=&#8221;575&#8243; img_size=&#8221;large&#8221; onclick=&#8221;link_image&#8221;][\/vc_column_inner][vc_column_inner width=&#8221;1\/4&#8243;][vc_column_text]2\/prendere una trappola termite e inserirlo nel disco di plastica marrone dalle 2 tacche laterali poi girare circa 45 gradi per mantenere il set.[\/vc_column_text][\/vc_column_inner][\/vc_row_inner][vc_row_inner][vc_column_inner width=&#8221;1\/4&#8243;][vc_single_image image=&#8221;577&#8243; img_size=&#8221;large&#8221; onclick=&#8221;link_image&#8221;][\/vc_column_inner][vc_column_inner width=&#8221;1\/4&#8243;][vc_column_text]3 \/ Spingere il gruppo nel foro in modo che la parte superiore della trappola e il disco marrone siano a filo con la superficie del terreno[\/vc_column_text][\/vc_column_inner][vc_column_inner width=&#8221;1\/4&#8243;][vc_single_image image=&#8221;579&#8243; img_size=&#8221;large&#8221; onclick=&#8221;link_image&#8221;][\/vc_column_inner][vc_column_inner width=&#8221;1\/4&#8243;][vc_column_text]4 \/ Prendi un pezzo di legno e mettilo dentro la trappola delle termiti. Chiudere il coperchio. Controlla ogni 6 settimane per vedere se le termiti sono venute a mangiare il legno.[\/vc_column_text][\/vc_column_inner][\/vc_row_inner][vc_row_inner][vc_column_inner width=&#8221;1\/4&#8243;][vc_single_image image=&#8221;581&#8243; img_size=&#8221;large&#8221; onclick=&#8221;link_image&#8221;][\/vc_column_inner][vc_column_inner width=&#8221;1\/4&#8243;][vc_column_text]5 \/ Se rilevi termiti, rimuovi il pezzo di legno lasciando le termiti all&#8217;interno della trappola. Quindi inserire la cartuccia insetticida all&#8217;interno della trappola per termiti e chiudere con il coperchio.[\/vc_column_text][\/vc_column_inner][vc_column_inner width=&#8221;1\/4&#8243;][vc_single_image image=&#8221;583&#8243; img_size=&#8221;large&#8221; onclick=&#8221;link_image&#8221;][\/vc_column_inner][vc_column_inner width=&#8221;1\/4&#8243;][vc_column_text]6 \/ Non toccare pi\u00f9 e aspetta. Quando le termiti mangiano l&#8217;insetticida contenuto nella cartuccia. La parte superiore della cartuccia, il cui centro \u00e8 un&#8217;asta di plastica arancione, salir\u00e0 dalla molla posta all&#8217;interno. Questa primavera \u00e8 collegata alla verga imbevuta di insetticida.<\/p>\n<p>Quindi puoi sapere se le termiti hanno mangiato l&#8217;insetticida e avveleneranno tutto il nido di termiti.[\/vc_column_text][\/vc_column_inner][\/vc_row_inner][vc_column_text]7 \/ Non appena le termiti hanno mangiato tutto l&#8217;interno della cartuccia di insetticidi, metti una nuova cartuccia di insetticidi quando le termiti tornano. La fase di eradicazione viene raggiunta quando le termiti non sono state restituite per pi\u00f9 di tre mesi consecutivi.<\/p>\n<p>8 \/ Dopo aver sradicato la colonia di termiti, rimuovere la cartuccia di insetticida dalla trappola delle termiti. Metti un nuovo pezzo di legno non trattato. Dovresti controllare regolarmente ogni 3 o 4 mesi e poi 6 mesi per individuare le termiti che potrebbero reintrodurre l&#8217;area.[\/vc_column_text][\/vc_column][\/vc_row][vc_row][vc_column width=&#8221;1\/2&#8243;][vc_video link=&#8221;https:\/\/www.youtube.com\/watch?v=zkxTDkBdHS8&#8243; el_id=&#8221;video&#8221;][\/vc_column][vc_column width=&#8221;1\/2&#8243;][\/vc_column][\/vc_row]<\/p>\n<\/div>","protected":false},"excerpt":{"rendered":"<h3>Il kit di casa per la rilevazione e l&#8217;eradicazione della termite incluso:<\/h3>\n<ul>\n<li><strong>25 trappole per termiti<\/strong><\/li>\n<li><strong>25 cartucce di insetticidi<\/strong><\/li>\n<li><strong>Una vite senza fine per scavare buche<\/strong><\/li>\n<\/ul>\n<p>Questo kit \u00e8 per le persone che hanno bisogno di proteggere la loro casa della termite. Pu\u00f2 rilevare luoghi di infezione e sradicare le colonie di termiti.<\/p>\n<p>Questo kit consente anche il monitoraggio a lungo termine di nuove invasioni da parte di altre colonie di termiti.<\/p>\n<p>&nbsp;<\/p>\n<p><img loading=\"lazy\" decoding=\"async\" class=\"alignnone size-medium wp-image-192\" src=\"https:\/\/www.termites-solution.com\/wp-content\/uploads\/2017\/11\/paiement_securise_paypal-300x75.png\" alt=\"Paiement s\u00e9curis\u00e9 par Paypal\" width=\"300\" height=\"75\" srcset=\"https:\/\/www.termites-solution.com\/wp-content\/uploads\/2017\/11\/paiement_securise_paypal-300x75.png 300w, https:\/\/www.termites-solution.com\/wp-content\/uploads\/2017\/11\/paiement_securise_paypal-555x139.png 555w, https:\/\/www.termites-solution.com\/wp-content\/uploads\/2017\/11\/paiement_securise_paypal-768x192.png 768w, https:\/\/www.termites-solution.com\/wp-content\/uploads\/2017\/11\/paiement_securise_paypal.png 1000w\" sizes=\"auto, (max-width: 300px) 100vw, 300px\" \/><\/p>\n","protected":false},"featured_media":1334,"comment_status":"open","ping_status":"closed","template":"","meta":[],"product_brand":[],"product_cat":[30],"product_tag":[],"class_list":{"0":"post-641","1":"product","2":"type-product","3":"status-publish","4":"has-post-thumbnail","6":"product_cat-kit-termites-it","8":"first","9":"instock","10":"featured","11":"taxable","12":"shipping-taxable","13":"purchasable","14":"product-type-simple"},"yoast_head":"<!-- This site is optimized with the Yoast SEO plugin v27.1.1 - https:\/\/yoast.com\/product\/yoast-seo-wordpress\/ -->\n<title>Trappole per termiti - Kit di rilevamento e eradicazione di termiti domestici<\/title>\n<meta name=\"description\" content=\"Il kit di rilevamento e eradicazione della termite domestica \u00e8 destinato alle persone che hanno bisogno di proteggere le proprie abitazioni dalle termiti. Una volta che le termiti hanno mangiato tutto l&#039;interno della cartuccia di insetticida, inserire una nuova cartuccia fino a quando le termiti non tornano.\" \/>\n<meta name=\"robots\" content=\"index, follow, max-snippet:-1, max-image-preview:large, max-video-preview:-1\" \/>\n<link rel=\"canonical\" href=\"https:\/\/www.termites-solution.com\/it\/boutique\/kit-di-casa-per-la-rilevazione-e-l-eradicazione-della-termite\/\" \/>\n<meta property=\"og:locale\" content=\"it_IT\" \/>\n<meta property=\"og:type\" content=\"article\" \/>\n<meta property=\"og:title\" content=\"Trappole per termiti - Kit di rilevamento e eradicazione di termiti domestici\" \/>\n<meta property=\"og:description\" content=\"Il kit di rilevamento e eradicazione della termite domestica \u00e8 destinato alle persone che hanno bisogno di proteggere le proprie abitazioni dalle termiti. Una volta che le termiti hanno mangiato tutto l&#039;interno della cartuccia di insetticida, inserire una nuova cartuccia fino a quando le termiti non tornano.\" \/>\n<meta property=\"og:url\" content=\"https:\/\/www.termites-solution.com\/it\/boutique\/kit-di-casa-per-la-rilevazione-e-l-eradicazione-della-termite\/\" \/>\n<meta property=\"og:site_name\" content=\"Termites Solution\" \/>\n<meta property=\"article:modified_time\" content=\"2019-12-05T09:31:18+00:00\" \/>\n<meta property=\"og:image\" content=\"https:\/\/www.termites-solution.com\/wp-content\/uploads\/2017\/11\/kit-maison-detection-eradication-termites-1.jpg\" \/>\n\t<meta property=\"og:image:width\" content=\"1280\" \/>\n\t<meta property=\"og:image:height\" content=\"1029\" \/>\n\t<meta property=\"og:image:type\" content=\"image\/jpeg\" \/>\n<meta name=\"twitter:card\" content=\"summary_large_image\" \/>\n<meta name=\"twitter:label1\" content=\"Tempo di lettura stimato\" \/>\n\t<meta name=\"twitter:data1\" content=\"3 minuti\" \/>\n<script type=\"application\/ld+json\" class=\"yoast-schema-graph\">{\"@context\":\"https:\/\/schema.org\",\"@graph\":[{\"@type\":\"WebPage\",\"@id\":\"https:\/\/www.termites-solution.com\/it\/boutique\/kit-di-casa-per-la-rilevazione-e-l-eradicazione-della-termite\/\",\"url\":\"https:\/\/www.termites-solution.com\/it\/boutique\/kit-di-casa-per-la-rilevazione-e-l-eradicazione-della-termite\/\",\"name\":\"Trappole per termiti - Kit di rilevamento e eradicazione di termiti domestici\",\"isPartOf\":{\"@id\":\"https:\/\/www.termites-solution.com\/it\/#website\"},\"primaryImageOfPage\":{\"@id\":\"https:\/\/www.termites-solution.com\/it\/boutique\/kit-di-casa-per-la-rilevazione-e-l-eradicazione-della-termite\/#primaryimage\"},\"image\":{\"@id\":\"https:\/\/www.termites-solution.com\/it\/boutique\/kit-di-casa-per-la-rilevazione-e-l-eradicazione-della-termite\/#primaryimage\"},\"thumbnailUrl\":\"https:\/\/www.termites-solution.com\/wp-content\/uploads\/2017\/11\/kit-maison-detection-eradication-termites-1.jpg\",\"datePublished\":\"2017-11-08T00:47:02+00:00\",\"dateModified\":\"2019-12-05T09:31:18+00:00\",\"description\":\"Il kit di rilevamento e eradicazione della termite domestica \u00e8 destinato alle persone che hanno bisogno di proteggere le proprie abitazioni dalle termiti. Una volta che le termiti hanno mangiato tutto l'interno della cartuccia di insetticida, inserire una nuova cartuccia fino a quando le termiti non tornano.\",\"breadcrumb\":{\"@id\":\"https:\/\/www.termites-solution.com\/it\/boutique\/kit-di-casa-per-la-rilevazione-e-l-eradicazione-della-termite\/#breadcrumb\"},\"inLanguage\":\"it-IT\",\"potentialAction\":[{\"@type\":\"ReadAction\",\"target\":[\"https:\/\/www.termites-solution.com\/it\/boutique\/kit-di-casa-per-la-rilevazione-e-l-eradicazione-della-termite\/\"]}]},{\"@type\":\"ImageObject\",\"inLanguage\":\"it-IT\",\"@id\":\"https:\/\/www.termites-solution.com\/it\/boutique\/kit-di-casa-per-la-rilevazione-e-l-eradicazione-della-termite\/#primaryimage\",\"url\":\"https:\/\/www.termites-solution.com\/wp-content\/uploads\/2017\/11\/kit-maison-detection-eradication-termites-1.jpg\",\"contentUrl\":\"https:\/\/www.termites-solution.com\/wp-content\/uploads\/2017\/11\/kit-maison-detection-eradication-termites-1.jpg\",\"width\":1280,\"height\":1029,\"caption\":\"Kit maison d\u00e9tection \u00e9radication termites x25\"},{\"@type\":\"BreadcrumbList\",\"@id\":\"https:\/\/www.termites-solution.com\/it\/boutique\/kit-di-casa-per-la-rilevazione-e-l-eradicazione-della-termite\/#breadcrumb\",\"itemListElement\":[{\"@type\":\"ListItem\",\"position\":1,\"name\":\"Accueil\",\"item\":\"https:\/\/www.termites-solution.com\/it\/\"},{\"@type\":\"ListItem\",\"position\":2,\"name\":\"Boutique\",\"item\":\"https:\/\/www.termites-solution.com\/boutique\/\"},{\"@type\":\"ListItem\",\"position\":3,\"name\":\"KIT DI CASA PER LA RILEVAZIONE E L\u2019 ERADICAZIONE DELLA TERMITE\"}]},{\"@type\":\"WebSite\",\"@id\":\"https:\/\/www.termites-solution.com\/it\/#website\",\"url\":\"https:\/\/www.termites-solution.com\/it\/\",\"name\":\"Termites Solution\",\"description\":\"Traitement puissant, simple et efficace\",\"publisher\":{\"@id\":\"https:\/\/www.termites-solution.com\/it\/#organization\"},\"potentialAction\":[{\"@type\":\"SearchAction\",\"target\":{\"@type\":\"EntryPoint\",\"urlTemplate\":\"https:\/\/www.termites-solution.com\/it\/?s={search_term_string}\"},\"query-input\":{\"@type\":\"PropertyValueSpecification\",\"valueRequired\":true,\"valueName\":\"search_term_string\"}}],\"inLanguage\":\"it-IT\"},{\"@type\":\"Organization\",\"@id\":\"https:\/\/www.termites-solution.com\/it\/#organization\",\"name\":\"Termites Solution\",\"url\":\"https:\/\/www.termites-solution.com\/it\/\",\"logo\":{\"@type\":\"ImageObject\",\"inLanguage\":\"it-IT\",\"@id\":\"https:\/\/www.termites-solution.com\/it\/#\/schema\/logo\/image\/\",\"url\":\"https:\/\/www.termites-solution.com\/wp-content\/uploads\/2018\/05\/logo-termites-solution.png\",\"contentUrl\":\"https:\/\/www.termites-solution.com\/wp-content\/uploads\/2018\/05\/logo-termites-solution.png\",\"width\":500,\"height\":146,\"caption\":\"Termites Solution\"},\"image\":{\"@id\":\"https:\/\/www.termites-solution.com\/it\/#\/schema\/logo\/image\/\"}}]}<\/script>\n<!-- \/ Yoast SEO plugin. -->","yoast_head_json":{"title":"Trappole per termiti - Kit di rilevamento e eradicazione di termiti domestici","description":"Il kit di rilevamento e eradicazione della termite domestica \u00e8 destinato alle persone che hanno bisogno di proteggere le proprie abitazioni dalle termiti. Una volta che le termiti hanno mangiato tutto l'interno della cartuccia di insetticida, inserire una nuova cartuccia fino a quando le termiti non tornano.","robots":{"index":"index","follow":"follow","max-snippet":"max-snippet:-1","max-image-preview":"max-image-preview:large","max-video-preview":"max-video-preview:-1"},"canonical":"https:\/\/www.termites-solution.com\/it\/boutique\/kit-di-casa-per-la-rilevazione-e-l-eradicazione-della-termite\/","og_locale":"it_IT","og_type":"article","og_title":"Trappole per termiti - Kit di rilevamento e eradicazione di termiti domestici","og_description":"Il kit di rilevamento e eradicazione della termite domestica \u00e8 destinato alle persone che hanno bisogno di proteggere le proprie abitazioni dalle termiti. Una volta che le termiti hanno mangiato tutto l'interno della cartuccia di insetticida, inserire una nuova cartuccia fino a quando le termiti non tornano.","og_url":"https:\/\/www.termites-solution.com\/it\/boutique\/kit-di-casa-per-la-rilevazione-e-l-eradicazione-della-termite\/","og_site_name":"Termites Solution","article_modified_time":"2019-12-05T09:31:18+00:00","og_image":[{"width":1280,"height":1029,"url":"https:\/\/www.termites-solution.com\/wp-content\/uploads\/2017\/11\/kit-maison-detection-eradication-termites-1.jpg","type":"image\/jpeg"}],"twitter_card":"summary_large_image","twitter_misc":{"Tempo di lettura stimato":"3 minuti"},"schema":{"@context":"https:\/\/schema.org","@graph":[{"@type":"WebPage","@id":"https:\/\/www.termites-solution.com\/it\/boutique\/kit-di-casa-per-la-rilevazione-e-l-eradicazione-della-termite\/","url":"https:\/\/www.termites-solution.com\/it\/boutique\/kit-di-casa-per-la-rilevazione-e-l-eradicazione-della-termite\/","name":"Trappole per termiti - Kit di rilevamento e eradicazione di termiti domestici","isPartOf":{"@id":"https:\/\/www.termites-solution.com\/it\/#website"},"primaryImageOfPage":{"@id":"https:\/\/www.termites-solution.com\/it\/boutique\/kit-di-casa-per-la-rilevazione-e-l-eradicazione-della-termite\/#primaryimage"},"image":{"@id":"https:\/\/www.termites-solution.com\/it\/boutique\/kit-di-casa-per-la-rilevazione-e-l-eradicazione-della-termite\/#primaryimage"},"thumbnailUrl":"https:\/\/www.termites-solution.com\/wp-content\/uploads\/2017\/11\/kit-maison-detection-eradication-termites-1.jpg","datePublished":"2017-11-08T00:47:02+00:00","dateModified":"2019-12-05T09:31:18+00:00","description":"Il kit di rilevamento e eradicazione della termite domestica \u00e8 destinato alle persone che hanno bisogno di proteggere le proprie abitazioni dalle termiti. Una volta che le termiti hanno mangiato tutto l'interno della cartuccia di insetticida, inserire una nuova cartuccia fino a quando le termiti non tornano.","breadcrumb":{"@id":"https:\/\/www.termites-solution.com\/it\/boutique\/kit-di-casa-per-la-rilevazione-e-l-eradicazione-della-termite\/#breadcrumb"},"inLanguage":"it-IT","potentialAction":[{"@type":"ReadAction","target":["https:\/\/www.termites-solution.com\/it\/boutique\/kit-di-casa-per-la-rilevazione-e-l-eradicazione-della-termite\/"]}]},{"@type":"ImageObject","inLanguage":"it-IT","@id":"https:\/\/www.termites-solution.com\/it\/boutique\/kit-di-casa-per-la-rilevazione-e-l-eradicazione-della-termite\/#primaryimage","url":"https:\/\/www.termites-solution.com\/wp-content\/uploads\/2017\/11\/kit-maison-detection-eradication-termites-1.jpg","contentUrl":"https:\/\/www.termites-solution.com\/wp-content\/uploads\/2017\/11\/kit-maison-detection-eradication-termites-1.jpg","width":1280,"height":1029,"caption":"Kit maison d\u00e9tection \u00e9radication termites x25"},{"@type":"BreadcrumbList","@id":"https:\/\/www.termites-solution.com\/it\/boutique\/kit-di-casa-per-la-rilevazione-e-l-eradicazione-della-termite\/#breadcrumb","itemListElement":[{"@type":"ListItem","position":1,"name":"Accueil","item":"https:\/\/www.termites-solution.com\/it\/"},{"@type":"ListItem","position":2,"name":"Boutique","item":"https:\/\/www.termites-solution.com\/boutique\/"},{"@type":"ListItem","position":3,"name":"KIT DI CASA PER LA RILEVAZIONE E L\u2019 ERADICAZIONE DELLA TERMITE"}]},{"@type":"WebSite","@id":"https:\/\/www.termites-solution.com\/it\/#website","url":"https:\/\/www.termites-solution.com\/it\/","name":"Termites Solution","description":"Traitement puissant, simple et efficace","publisher":{"@id":"https:\/\/www.termites-solution.com\/it\/#organization"},"potentialAction":[{"@type":"SearchAction","target":{"@type":"EntryPoint","urlTemplate":"https:\/\/www.termites-solution.com\/it\/?s={search_term_string}"},"query-input":{"@type":"PropertyValueSpecification","valueRequired":true,"valueName":"search_term_string"}}],"inLanguage":"it-IT"},{"@type":"Organization","@id":"https:\/\/www.termites-solution.com\/it\/#organization","name":"Termites Solution","url":"https:\/\/www.termites-solution.com\/it\/","logo":{"@type":"ImageObject","inLanguage":"it-IT","@id":"https:\/\/www.termites-solution.com\/it\/#\/schema\/logo\/image\/","url":"https:\/\/www.termites-solution.com\/wp-content\/uploads\/2018\/05\/logo-termites-solution.png","contentUrl":"https:\/\/www.termites-solution.com\/wp-content\/uploads\/2018\/05\/logo-termites-solution.png","width":500,"height":146,"caption":"Termites Solution"},"image":{"@id":"https:\/\/www.termites-solution.com\/it\/#\/schema\/logo\/image\/"}}]}},"_links":{"self":[{"href":"https:\/\/www.termites-solution.com\/it\/wp-json\/wp\/v2\/product\/641","targetHints":{"allow":["GET"]}}],"collection":[{"href":"https:\/\/www.termites-solution.com\/it\/wp-json\/wp\/v2\/product"}],"about":[{"href":"https:\/\/www.termites-solution.com\/it\/wp-json\/wp\/v2\/types\/product"}],"replies":[{"embeddable":true,"href":"https:\/\/www.termites-solution.com\/it\/wp-json\/wp\/v2\/comments?post=641"}],"wp:featuredmedia":[{"embeddable":true,"href":"https:\/\/www.termites-solution.com\/it\/wp-json\/wp\/v2\/media\/1334"}],"wp:attachment":[{"href":"https:\/\/www.termites-solution.com\/it\/wp-json\/wp\/v2\/media?parent=641"}],"wp:term":[{"taxonomy":"product_brand","embeddable":true,"href":"https:\/\/www.termites-solution.com\/it\/wp-json\/wp\/v2\/product_brand?post=641"},{"taxonomy":"product_cat","embeddable":true,"href":"https:\/\/www.termites-solution.com\/it\/wp-json\/wp\/v2\/product_cat?post=641"},{"taxonomy":"product_tag","embeddable":true,"href":"https:\/\/www.termites-solution.com\/it\/wp-json\/wp\/v2\/product_tag?post=641"}],"curies":[{"name":"wp","href":"https:\/\/api.w.org\/{rel}","templated":true}]}}