{"id":781,"date":"2019-04-15T14:34:20","date_gmt":"2019-04-15T12:34:21","guid":{"rendered":"https:\/\/www.termites-solution.com\/?post_type=product&#038;p=781"},"modified":"2020-05-30T18:08:08","modified_gmt":"2020-05-30T16:08:08","slug":"kit-di-casa-per-leradicazione-della-termite-x10","status":"publish","type":"product","link":"https:\/\/www.termites-solution.com\/it\/boutique\/kit-di-casa-per-leradicazione-della-termite-x10\/","title":{"rendered":"KIT DI CASA PER L\u2019ERADICAZIONE DELLA TERMITE X10"},"content":{"rendered":"<div class=\"wpb-content-wrapper\"><p>[vc_row][vc_column][vc_custom_heading text=&#8221;SPIEGAZIONE DEL NOSTRO KIT DI CASA PER L\u2019ERADICAZIONE DELLA TERMITE&#8221; use_theme_fonts=&#8221;yes&#8221;][vc_column_text]Il kit di trattamento per lo sradicamento della termite \u00e8 per le persone che sanno gi\u00e0 dove si trovano le termiti intorno alla loro casa.<\/p>\n<p>L&#8217;uso \u00e8 facile perch\u00e9 le 10 cartucce di insetticida sono pronte per l&#8217;uso. Incorporano gi\u00e0 la cellulosa per attirare le termiti e un potente insetticida per sradicarle. L&#8217;eliminazione delle termiti \u00e8 diretta e definitiva grazie alla diffusione dell&#8217;insetticida nella colonia sotterranea da parte delle termiti operaie.[\/vc_column_text][vc_custom_heading text=&#8221;Termiti depositano feromoni &#8230;&#8221; font_container=&#8221;tag:h3|text_align:left&#8221; use_theme_fonts=&#8221;yes&#8221;][vc_column_text]Nel processo, le termiti depositano feromoni o odori chimici, che incoraggiano il reclutamento di altre termiti verso l\u2019esca per la contaminazione globale della colonia sotterranea. Ecco la soluzione per il trattamento della termite.[\/vc_column_text][vc_row_inner][vc_column_inner width=&#8221;1\/4&#8243;][vc_single_image image=&#8221;585&#8243; img_size=&#8221;large&#8221; onclick=&#8221;link_image&#8221;][\/vc_column_inner][vc_column_inner width=&#8221;1\/4&#8243;][vc_column_text]1\/ Dopo aver determinato la posizione da trattare, utilizzare la vite senza fine per scavare un foro di 19 cm di profondit\u00e0 uguale alla cartuccia dell&#8217;insetticida.[\/vc_column_text][\/vc_column_inner][vc_column_inner width=&#8221;1\/4&#8243;][vc_single_image image=&#8221;587&#8243; img_size=&#8221;large&#8221; onclick=&#8221;link_image&#8221;][\/vc_column_inner][vc_column_inner width=&#8221;1\/4&#8243;][vc_column_text]2\/ Prendere una cartuccia insetticida e mettila nel disco di plastica verde per mantenere la cartuccia a filo con il pavimento.[\/vc_column_text][\/vc_column_inner][\/vc_row_inner][vc_row_inner][vc_column_inner width=&#8221;1\/4&#8243;][vc_single_image image=&#8221;589&#8243; img_size=&#8221;large&#8221; onclick=&#8221;link_image&#8221;][\/vc_column_inner][vc_column_inner width=&#8221;1\/4&#8243;][vc_column_text]3\/ Spingere il gruppo nel foro in modo che la parte superiore della cartuccia e il disco verde siano a filo con la superficie del terreno.[\/vc_column_text][\/vc_column_inner][vc_column_inner width=&#8221;1\/4&#8243;][vc_single_image image=&#8221;591&#8243; img_size=&#8221;large&#8221; onclick=&#8221;link_image&#8221;][\/vc_column_inner][vc_column_inner width=&#8221;1\/4&#8243;][vc_column_text]4\/\u00a0 Non toccare pi\u00f9 e aspetta. Quando le termiti mangiano l&#8217;insetticida contenuto nella cartuccia. La parte superiore della cartuccia, il cui centro \u00e8 un&#8217;asta di plastica arancione, salir\u00e0 dalla molla posta all&#8217;interno. Questa primavera \u00e8 collegata alla verga imbevuta di insetticida.<\/p>\n<p>Quindi puoi sapere se le termiti hanno mangiato l&#8217;insetticida e avveleneranno tutto il termitaio.[\/vc_column_text][\/vc_column_inner][\/vc_row_inner][vc_column_text]5\/\u00a0 Non appena le termiti hanno mangiato tutto l&#8217;interno della cartuccia di insetticidi, metti una nuova cartuccia di insetticidi quando le termiti tornano. La fase di eradicazione viene raggiunta quando le termiti non sono state restituite per pi\u00f9 di tre mesi consecutivi.[\/vc_column_text][vc_separator][vc_row_inner][vc_column_inner width=&#8221;1\/2&#8243;][vc_video link=&#8221;https:\/\/www.youtube.com\/watch?v=zkxTDkBdHS8&#8243;][\/vc_column_inner][vc_column_inner width=&#8221;1\/2&#8243;][vc_video link=&#8221;https:\/\/www.youtube.com\/watch?v=tBHZSqpXdvw&#8221;][\/vc_column_inner][\/vc_row_inner][\/vc_column][\/vc_row]<\/p>\n<\/div>","protected":false},"excerpt":{"rendered":"<h3>Il kit di casa per l&#8217;eradicazione della termite incluso:<\/h3>\n<ul>\n<li><strong>10 cartucce di insetticidi<\/strong><\/li>\n<li><strong>Una vite senza fine per scavare buche<\/strong><\/li>\n<\/ul>\n<p>Questo kit di trattamento \u00e8 per le persone che gi\u00e0 sanno dove sono le termiti intorno alla loro casa.<\/p>\n<p>L&#8217;uso \u00e8 facile perch\u00e9 le 30 cartucce di insetticida sono pronte per l&#8217;uso. Incorporano gi\u00e0 la cellulosa per attirare le termiti e un potente insetticida per sradicarle. L&#8217;eliminazione delle termiti \u00e8 diretta e definitiva grazie alla diffusione dell&#8217;insetticida nella colonia sotterranea da parte delle termiti operaie.<\/p>\n<p>Nel processo, le termiti depositano feromoni o odori chimici, che incoraggiano il reclutamento di altre termiti verso l&#8217;esca per la contaminazione globale della colonia sotterranea.<\/p>\n<p>&nbsp;<\/p>\n<p><img loading=\"lazy\" decoding=\"async\" class=\"alignnone size-medium wp-image-192\" src=\"https:\/\/www.termites-solution.com\/wp-content\/uploads\/2017\/11\/paiement_securise_paypal-300x75.png\" alt=\"Paiement s\u00e9curis\u00e9 par Paypal\" width=\"300\" height=\"75\" srcset=\"https:\/\/www.termites-solution.com\/wp-content\/uploads\/2017\/11\/paiement_securise_paypal-300x75.png 300w, https:\/\/www.termites-solution.com\/wp-content\/uploads\/2017\/11\/paiement_securise_paypal-555x139.png 555w, https:\/\/www.termites-solution.com\/wp-content\/uploads\/2017\/11\/paiement_securise_paypal-768x192.png 768w, https:\/\/www.termites-solution.com\/wp-content\/uploads\/2017\/11\/paiement_securise_paypal.png 1000w\" sizes=\"auto, (max-width: 300px) 100vw, 300px\" \/><\/p>\n","protected":false},"featured_media":1321,"comment_status":"open","ping_status":"closed","template":"","meta":[],"product_brand":[],"product_cat":[30],"product_tag":[],"class_list":{"0":"post-781","1":"product","2":"type-product","3":"status-publish","4":"has-post-thumbnail","6":"product_cat-kit-termites-it","8":"first","9":"instock","10":"taxable","11":"shipping-taxable","12":"purchasable","13":"product-type-simple"},"yoast_head":"<!-- This site is optimized with the Yoast SEO plugin v27.1.1 - https:\/\/yoast.com\/product\/yoast-seo-wordpress\/ -->\n<title>Trattamento termite - distruzione termiti - kit di sradicamento della termite<\/title>\n<meta name=\"description\" content=\"Il kit per la casa di eliminazione delle termiti \u00e8 per le persone che gi\u00e0 sanno dove sono le termiti intorno alla loro casa.\" \/>\n<meta name=\"robots\" content=\"index, follow, max-snippet:-1, max-image-preview:large, max-video-preview:-1\" \/>\n<link rel=\"canonical\" href=\"https:\/\/www.termites-solution.com\/it\/boutique\/kit-di-casa-per-leradicazione-della-termite-x10\/\" \/>\n<meta property=\"og:locale\" content=\"it_IT\" \/>\n<meta property=\"og:type\" content=\"article\" \/>\n<meta property=\"og:title\" content=\"Trattamento termite - distruzione termiti - kit di sradicamento della termite\" \/>\n<meta property=\"og:description\" content=\"Il kit per la casa di eliminazione delle termiti \u00e8 per le persone che gi\u00e0 sanno dove sono le termiti intorno alla loro casa.\" \/>\n<meta property=\"og:url\" content=\"https:\/\/www.termites-solution.com\/it\/boutique\/kit-di-casa-per-leradicazione-della-termite-x10\/\" \/>\n<meta property=\"og:site_name\" content=\"Termites Solution\" \/>\n<meta property=\"article:modified_time\" content=\"2020-05-30T16:08:08+00:00\" \/>\n<meta property=\"og:image\" content=\"https:\/\/www.termites-solution.com\/wp-content\/uploads\/2019\/04\/kit-maison-eradication-termites-10-2.jpg\" \/>\n\t<meta property=\"og:image:width\" content=\"1280\" \/>\n\t<meta property=\"og:image:height\" content=\"1029\" \/>\n\t<meta property=\"og:image:type\" content=\"image\/jpeg\" \/>\n<meta name=\"twitter:card\" content=\"summary_large_image\" \/>\n<meta name=\"twitter:label1\" content=\"Tempo di lettura stimato\" \/>\n\t<meta name=\"twitter:data1\" content=\"3 minuti\" \/>\n<script type=\"application\/ld+json\" class=\"yoast-schema-graph\">{\"@context\":\"https:\/\/schema.org\",\"@graph\":[{\"@type\":\"WebPage\",\"@id\":\"https:\/\/www.termites-solution.com\/it\/boutique\/kit-di-casa-per-leradicazione-della-termite-x10\/\",\"url\":\"https:\/\/www.termites-solution.com\/it\/boutique\/kit-di-casa-per-leradicazione-della-termite-x10\/\",\"name\":\"Trattamento termite - distruzione termiti - kit di sradicamento della termite\",\"isPartOf\":{\"@id\":\"https:\/\/www.termites-solution.com\/it\/#website\"},\"primaryImageOfPage\":{\"@id\":\"https:\/\/www.termites-solution.com\/it\/boutique\/kit-di-casa-per-leradicazione-della-termite-x10\/#primaryimage\"},\"image\":{\"@id\":\"https:\/\/www.termites-solution.com\/it\/boutique\/kit-di-casa-per-leradicazione-della-termite-x10\/#primaryimage\"},\"thumbnailUrl\":\"https:\/\/www.termites-solution.com\/wp-content\/uploads\/2019\/04\/kit-maison-eradication-termites-10-2.jpg\",\"datePublished\":\"2019-04-15T12:34:21+00:00\",\"dateModified\":\"2020-05-30T16:08:08+00:00\",\"description\":\"Il kit per la casa di eliminazione delle termiti \u00e8 per le persone che gi\u00e0 sanno dove sono le termiti intorno alla loro casa.\",\"breadcrumb\":{\"@id\":\"https:\/\/www.termites-solution.com\/it\/boutique\/kit-di-casa-per-leradicazione-della-termite-x10\/#breadcrumb\"},\"inLanguage\":\"it-IT\",\"potentialAction\":[{\"@type\":\"ReadAction\",\"target\":[\"https:\/\/www.termites-solution.com\/it\/boutique\/kit-di-casa-per-leradicazione-della-termite-x10\/\"]}]},{\"@type\":\"ImageObject\",\"inLanguage\":\"it-IT\",\"@id\":\"https:\/\/www.termites-solution.com\/it\/boutique\/kit-di-casa-per-leradicazione-della-termite-x10\/#primaryimage\",\"url\":\"https:\/\/www.termites-solution.com\/wp-content\/uploads\/2019\/04\/kit-maison-eradication-termites-10-2.jpg\",\"contentUrl\":\"https:\/\/www.termites-solution.com\/wp-content\/uploads\/2019\/04\/kit-maison-eradication-termites-10-2.jpg\",\"width\":1280,\"height\":1029,\"caption\":\"Kit maison \u00e9radication termites x10\"},{\"@type\":\"BreadcrumbList\",\"@id\":\"https:\/\/www.termites-solution.com\/it\/boutique\/kit-di-casa-per-leradicazione-della-termite-x10\/#breadcrumb\",\"itemListElement\":[{\"@type\":\"ListItem\",\"position\":1,\"name\":\"Accueil\",\"item\":\"https:\/\/www.termites-solution.com\/it\/\"},{\"@type\":\"ListItem\",\"position\":2,\"name\":\"Boutique\",\"item\":\"https:\/\/www.termites-solution.com\/boutique\/\"},{\"@type\":\"ListItem\",\"position\":3,\"name\":\"KIT DI CASA PER L\u2019ERADICAZIONE DELLA TERMITE X10\"}]},{\"@type\":\"WebSite\",\"@id\":\"https:\/\/www.termites-solution.com\/it\/#website\",\"url\":\"https:\/\/www.termites-solution.com\/it\/\",\"name\":\"Termites Solution\",\"description\":\"Traitement puissant, simple et efficace\",\"publisher\":{\"@id\":\"https:\/\/www.termites-solution.com\/it\/#organization\"},\"potentialAction\":[{\"@type\":\"SearchAction\",\"target\":{\"@type\":\"EntryPoint\",\"urlTemplate\":\"https:\/\/www.termites-solution.com\/it\/?s={search_term_string}\"},\"query-input\":{\"@type\":\"PropertyValueSpecification\",\"valueRequired\":true,\"valueName\":\"search_term_string\"}}],\"inLanguage\":\"it-IT\"},{\"@type\":\"Organization\",\"@id\":\"https:\/\/www.termites-solution.com\/it\/#organization\",\"name\":\"Termites Solution\",\"url\":\"https:\/\/www.termites-solution.com\/it\/\",\"logo\":{\"@type\":\"ImageObject\",\"inLanguage\":\"it-IT\",\"@id\":\"https:\/\/www.termites-solution.com\/it\/#\/schema\/logo\/image\/\",\"url\":\"https:\/\/www.termites-solution.com\/wp-content\/uploads\/2018\/05\/logo-termites-solution.png\",\"contentUrl\":\"https:\/\/www.termites-solution.com\/wp-content\/uploads\/2018\/05\/logo-termites-solution.png\",\"width\":500,\"height\":146,\"caption\":\"Termites Solution\"},\"image\":{\"@id\":\"https:\/\/www.termites-solution.com\/it\/#\/schema\/logo\/image\/\"}}]}<\/script>\n<!-- \/ Yoast SEO plugin. -->","yoast_head_json":{"title":"Trattamento termite - distruzione termiti - kit di sradicamento della termite","description":"Il kit per la casa di eliminazione delle termiti \u00e8 per le persone che gi\u00e0 sanno dove sono le termiti intorno alla loro casa.","robots":{"index":"index","follow":"follow","max-snippet":"max-snippet:-1","max-image-preview":"max-image-preview:large","max-video-preview":"max-video-preview:-1"},"canonical":"https:\/\/www.termites-solution.com\/it\/boutique\/kit-di-casa-per-leradicazione-della-termite-x10\/","og_locale":"it_IT","og_type":"article","og_title":"Trattamento termite - distruzione termiti - kit di sradicamento della termite","og_description":"Il kit per la casa di eliminazione delle termiti \u00e8 per le persone che gi\u00e0 sanno dove sono le termiti intorno alla loro casa.","og_url":"https:\/\/www.termites-solution.com\/it\/boutique\/kit-di-casa-per-leradicazione-della-termite-x10\/","og_site_name":"Termites Solution","article_modified_time":"2020-05-30T16:08:08+00:00","og_image":[{"width":1280,"height":1029,"url":"https:\/\/www.termites-solution.com\/wp-content\/uploads\/2019\/04\/kit-maison-eradication-termites-10-2.jpg","type":"image\/jpeg"}],"twitter_card":"summary_large_image","twitter_misc":{"Tempo di lettura stimato":"3 minuti"},"schema":{"@context":"https:\/\/schema.org","@graph":[{"@type":"WebPage","@id":"https:\/\/www.termites-solution.com\/it\/boutique\/kit-di-casa-per-leradicazione-della-termite-x10\/","url":"https:\/\/www.termites-solution.com\/it\/boutique\/kit-di-casa-per-leradicazione-della-termite-x10\/","name":"Trattamento termite - distruzione termiti - kit di sradicamento della termite","isPartOf":{"@id":"https:\/\/www.termites-solution.com\/it\/#website"},"primaryImageOfPage":{"@id":"https:\/\/www.termites-solution.com\/it\/boutique\/kit-di-casa-per-leradicazione-della-termite-x10\/#primaryimage"},"image":{"@id":"https:\/\/www.termites-solution.com\/it\/boutique\/kit-di-casa-per-leradicazione-della-termite-x10\/#primaryimage"},"thumbnailUrl":"https:\/\/www.termites-solution.com\/wp-content\/uploads\/2019\/04\/kit-maison-eradication-termites-10-2.jpg","datePublished":"2019-04-15T12:34:21+00:00","dateModified":"2020-05-30T16:08:08+00:00","description":"Il kit per la casa di eliminazione delle termiti \u00e8 per le persone che gi\u00e0 sanno dove sono le termiti intorno alla loro casa.","breadcrumb":{"@id":"https:\/\/www.termites-solution.com\/it\/boutique\/kit-di-casa-per-leradicazione-della-termite-x10\/#breadcrumb"},"inLanguage":"it-IT","potentialAction":[{"@type":"ReadAction","target":["https:\/\/www.termites-solution.com\/it\/boutique\/kit-di-casa-per-leradicazione-della-termite-x10\/"]}]},{"@type":"ImageObject","inLanguage":"it-IT","@id":"https:\/\/www.termites-solution.com\/it\/boutique\/kit-di-casa-per-leradicazione-della-termite-x10\/#primaryimage","url":"https:\/\/www.termites-solution.com\/wp-content\/uploads\/2019\/04\/kit-maison-eradication-termites-10-2.jpg","contentUrl":"https:\/\/www.termites-solution.com\/wp-content\/uploads\/2019\/04\/kit-maison-eradication-termites-10-2.jpg","width":1280,"height":1029,"caption":"Kit maison \u00e9radication termites x10"},{"@type":"BreadcrumbList","@id":"https:\/\/www.termites-solution.com\/it\/boutique\/kit-di-casa-per-leradicazione-della-termite-x10\/#breadcrumb","itemListElement":[{"@type":"ListItem","position":1,"name":"Accueil","item":"https:\/\/www.termites-solution.com\/it\/"},{"@type":"ListItem","position":2,"name":"Boutique","item":"https:\/\/www.termites-solution.com\/boutique\/"},{"@type":"ListItem","position":3,"name":"KIT DI CASA PER L\u2019ERADICAZIONE DELLA TERMITE X10"}]},{"@type":"WebSite","@id":"https:\/\/www.termites-solution.com\/it\/#website","url":"https:\/\/www.termites-solution.com\/it\/","name":"Termites Solution","description":"Traitement puissant, simple et efficace","publisher":{"@id":"https:\/\/www.termites-solution.com\/it\/#organization"},"potentialAction":[{"@type":"SearchAction","target":{"@type":"EntryPoint","urlTemplate":"https:\/\/www.termites-solution.com\/it\/?s={search_term_string}"},"query-input":{"@type":"PropertyValueSpecification","valueRequired":true,"valueName":"search_term_string"}}],"inLanguage":"it-IT"},{"@type":"Organization","@id":"https:\/\/www.termites-solution.com\/it\/#organization","name":"Termites Solution","url":"https:\/\/www.termites-solution.com\/it\/","logo":{"@type":"ImageObject","inLanguage":"it-IT","@id":"https:\/\/www.termites-solution.com\/it\/#\/schema\/logo\/image\/","url":"https:\/\/www.termites-solution.com\/wp-content\/uploads\/2018\/05\/logo-termites-solution.png","contentUrl":"https:\/\/www.termites-solution.com\/wp-content\/uploads\/2018\/05\/logo-termites-solution.png","width":500,"height":146,"caption":"Termites Solution"},"image":{"@id":"https:\/\/www.termites-solution.com\/it\/#\/schema\/logo\/image\/"}}]}},"_links":{"self":[{"href":"https:\/\/www.termites-solution.com\/it\/wp-json\/wp\/v2\/product\/781","targetHints":{"allow":["GET"]}}],"collection":[{"href":"https:\/\/www.termites-solution.com\/it\/wp-json\/wp\/v2\/product"}],"about":[{"href":"https:\/\/www.termites-solution.com\/it\/wp-json\/wp\/v2\/types\/product"}],"replies":[{"embeddable":true,"href":"https:\/\/www.termites-solution.com\/it\/wp-json\/wp\/v2\/comments?post=781"}],"wp:featuredmedia":[{"embeddable":true,"href":"https:\/\/www.termites-solution.com\/it\/wp-json\/wp\/v2\/media\/1321"}],"wp:attachment":[{"href":"https:\/\/www.termites-solution.com\/it\/wp-json\/wp\/v2\/media?parent=781"}],"wp:term":[{"taxonomy":"product_brand","embeddable":true,"href":"https:\/\/www.termites-solution.com\/it\/wp-json\/wp\/v2\/product_brand?post=781"},{"taxonomy":"product_cat","embeddable":true,"href":"https:\/\/www.termites-solution.com\/it\/wp-json\/wp\/v2\/product_cat?post=781"},{"taxonomy":"product_tag","embeddable":true,"href":"https:\/\/www.termites-solution.com\/it\/wp-json\/wp\/v2\/product_tag?post=781"}],"curies":[{"name":"wp","href":"https:\/\/api.w.org\/{rel}","templated":true}]}}